{"id":6684,"date":"2021-12-16T08:50:05","date_gmt":"2021-12-16T07:50:05","guid":{"rendered":"https:\/\/osobdravinji.splet.arnes.si\/?page_id=6684"},"modified":"2021-12-16T21:37:47","modified_gmt":"2021-12-16T20:37:47","slug":"subvencije","status":"publish","type":"page","link":"https:\/\/www.obdravinji.si\/?page_id=6684","title":{"rendered":"Subvencije"},"content":{"rendered":"\n<p><strong><span class=\"has-inline-color has-vivid-red-color\">\u0160OLSKA PREHRANA \u2013 SUBVENCIJE ZA MALICO IN KOSILO<\/span><\/strong><\/p>\n\n\n\n<p>Vloge za uveljavljanje subvencije malice in kosila na Centru za socialno delo&nbsp;<strong>ni treba oddajati<\/strong>, saj bodo vzgojno-izobra\u017eevalni zavodi upo\u0161tevali uvrstitev v dohodkovni razred na osnovni podatkov o povpre\u010dnem mese\u010dnem dohodku na osebo, ugotovljenem v veljavni odlo\u010dbi o otro\u0161kem dodatku.<\/p>\n\n\n\n<p>Vloga za subvencijo malice in subvencijo kosila se na Centru za socialno delo odda&nbsp;<strong>samo v primeru, \u010de dru\u017eina u\u010denca ne razpolaga z veljavno odlo\u010dbo o otro\u0161kem dodatku.<\/strong><\/p>\n\n\n\n<p><strong><u>Vi\u0161ina subvencije in upravi\u010denost do subvencije<\/u><\/strong><\/p>\n\n\n\n<p><strong>Subvencija malice oz. brezpla\u010dna malica<\/strong>&nbsp;pripada tistim u\u010dencem, ki se redno izobra\u017eujejo, so prijavljeni na malico in pri katerih povpre\u010dni mese\u010dni dohodek na osebo, ugotovljen v odlo\u010dbi o otro\u0161kem dodatku,&nbsp;<strong>ne presega 563,60 eur.<\/strong><\/p>\n\n\n\n<p>Do&nbsp;<strong>polne subvencije za kosilo<\/strong>&nbsp;oziroma do v celoti brezpla\u010dnega kosila so upravi\u010deni u\u010denci iz dru\u017ein, v katerih povpre\u010dni mese\u010dni dohodek na osebo, ugotovljen v odlo\u010dbi o otro\u0161kem dodatku,&nbsp;<strong>ne presega 382,82 eur.<\/strong><\/p>\n\n\n\n<p>\u0160e ve\u010d pojasnil se nahaja na spletni strani Ministrstva za izobra\u017eevanje, znanost in \u0161port:  <a href=\"https:\/\/www.gov.si\/teme\/subvencije-prehrane-za-ucence-in-dijake\/\">https:\/\/www.gov.si\/teme\/subvencije-prehrane-za-ucence-in-dijake\/<\/a><\/p>\n\n\n\n<p><strong><span class=\"has-inline-color has-vivid-red-color\">\u0160OLA V NARAVI<\/span><\/strong><\/p>\n\n\n\n<p>Financiranje \u0161ole v naravi podrobneje definira Pravilnik o financiranju, ki je dostopen na povezavi <a href=\"http:\/\/www.pisrs.si\/Pis.web\/pregledPredpisa?id=PRAV5933\">http:\/\/www.pisrs.si\/Pis.web\/pregledPredpisa?id=PRAV5933<\/a><\/p>\n\n\n\n<p><strong><u>Kdaj lahko zaprosite za subvencionirano \u0161olo v naravi?<\/u><\/strong><\/p>\n\n\n\n<ul class=\"wp-block-list\"><li>subvencija je namenjena u\u010dencem, ki zaradi socialnega polo\u017eaja ne zmorejo v celoti pla\u010dati prispevka za \u0161olo v naravi,<\/li><li>za subvencijo zaprosite&nbsp;<strong>star\u0161i u\u010dencev 5. razreda&nbsp;<\/strong>(oziroma kasneje, \u010de u\u010denci v 5. razredu nimajo \u0161ole v naravi).<\/li><\/ul>\n\n\n\n<p><strong><u>Kako zaprosite za subvencionirano za \u0161olo v naravi?<\/u><\/strong><\/p>\n\n\n\n<ul class=\"wp-block-list\"><li>star\u0161i izpolnite vlogo, ki jo dobite v \u0161olski svetovalni slu\u017ebi ali&nbsp;na spletni strani.<\/li><\/ul>\n\n\n\n<p><strong><u>Splo\u0161ni kriteriji, ki se upo\u0161tevajo pri obravnavanju vlog:<\/u><\/strong><\/p>\n\n\n\n<ul class=\"wp-block-list\"><li>prejemanje denarne socialne pomo\u010di po predpisih o socialnem varstvu,<\/li><li>vi\u0161ina dohodkov na dru\u017einskega \u010dlana,<\/li><li>vi\u0161ina otro\u0161kih dodatkov,<\/li><li>brezposelnost star\u0161ev,<\/li><li>dolgotrajna bolezen v dru\u017eini,<\/li><li>dolgotrajnej\u0161i socialni problemi in druge specifike v dru\u017eini.<\/li><\/ul>\n\n\n\n<div class=\"wp-block-file\"><a href=\"https:\/\/www.obdravinji.si\/files\/2021\/12\/Vloga-za-dodelitev-sredstev-za-subvencioniranje-\u0161ole-v-naravi.pdf\"><strong>Vloga za dodelitev sredstev za subvencioniranje \u0161ole v naravi<\/strong><\/a><a href=\"https:\/\/www.obdravinji.si\/files\/2021\/12\/Vloga-za-dodelitev-sredstev-za-subvencioniranje-\u0161ole-v-naravi.pdf\" class=\"wp-block-file__button\" download>Download<\/a><\/div>\n\n\n\n<p><strong><span class=\"has-inline-color has-vivid-red-color\">\u0160OLSKE POTREB\u0160\u010cINE<\/span><\/strong><\/p>\n\n\n\n<p>O\u0160 Ob Dravinji Slovenske Konjice vam na podlagi Zakona o organizaciji in financiranju vzgoje in izobra\u017eevanja (Uradni list RS, \u0161t. 12\/2020) omogo\u010da, da si lahko u\u010dbenike izposodite iz \u0161olskega u\u010dbeni\u0161kega sklada. Ob izteku \u0161olskega leta morate nepo\u0161kodovan u\u010dbenik vrniti v \u0161olsko knji\u017enico. \u010ce bo u\u010dbenik po\u0161kodovan ali uni\u010den, vam bomo zara\u010dunali dve tretjini maloprodajne cene u\u010dbenika.<\/p>\n\n\n\n<p>Stro\u0161ke nakupa delovnih zvezkov za prvo triado v celoti krije Ministrstvo za izobra\u017eevanje, znanost in \u0161port, zato so za star\u0161e brezpla\u010dni. U\u010denci jih bodo prejeli v \u0161oli.<\/p>\n\n\n\n<p>Stro\u0161ke nakupa delovnih zvezkov za vi\u0161je razrede, zvezkov in ostalih pripomo\u010dkov krijete star\u0161i. V kolikor se pri tem soo\u010date s finan\u010dno stisko, se lahko obrnete na pristojni CSD, Dru\u0161tvo prijateljev Mladine Slovenske Konjice ali v svetovalno slu\u017ebo oddate vlogo za sofinanciranje \u0161olskih potreb\u0161\u010din.<\/p>\n\n\n\n<p><strong><u>Splo\u0161ni kriteriji, ki se upo\u0161tevajo pri obravnavanju vlog:<\/u><\/strong><\/p>\n\n\n\n<ul class=\"wp-block-list\"><li>prejemanje denarne socialne pomo\u010di po predpisih o socialnem varstvu,<\/li><li>vi\u0161ina dohodkov na dru\u017einskega \u010dlana,<\/li><li>vi\u0161ina otro\u0161kih dodatkov,<\/li><li>brezposelnost star\u0161ev,<\/li><li>dolgotrajna bolezen v dru\u017eini,<\/li><li>dolgotrajnej\u0161i socialni problemi in druge specifike v dru\u017eini.<\/li><\/ul>\n\n\n\n<div class=\"wp-block-file\"><a href=\"https:\/\/www.obdravinji.si\/files\/2021\/12\/Vloga-za-dodelitev-sredstev-za-subvencioniranje-potreb\u0161\u010din-1.pdf\"><strong>Vloga za dodelitev sredstev za subvencioniranje potreb\u0161\u010din<\/strong><\/a><a href=\"https:\/\/www.obdravinji.si\/files\/2021\/12\/Vloga-za-dodelitev-sredstev-za-subvencioniranje-potreb\u0161\u010din-1.pdf\" class=\"wp-block-file__button\" download>Download<\/a><\/div>\n\n\n\n<p><strong><span class=\"has-inline-color has-vivid-red-color\">DODELITEV SREDSTEV IZ \u0160OLSKEGA SKLADA<\/span><\/strong><\/p>\n\n\n\n<p>V primeru raznih finan\u010dnih te\u017eav, ki onemogo\u010dajo redno pla\u010devanje obveznosti ali popla\u010dilo dodatnih storitev lahko na \u0161olski sklad O\u0160 Ob Dravinji naslovite Vlogo za dodelitev sredstev, katero je potrebno ustrezno utemeljiti in jo podkrepiti s pisnimi dokazili.<\/p>\n\n\n\n<div class=\"wp-block-file\"><a href=\"https:\/\/www.obdravinji.si\/files\/2021\/12\/Vloga-za-dodelitev-sredstev-iz-\u0161olskega-sklada.pdf\"><strong>Vloga za dodelitev sredstev iz \u0161olskega sklada<\/strong><\/a><a href=\"https:\/\/www.obdravinji.si\/files\/2021\/12\/Vloga-za-dodelitev-sredstev-iz-\u0161olskega-sklada.pdf\" class=\"wp-block-file__button\" download>Download<\/a><\/div>\n\n\n\n<p><\/p>\n","protected":false},"excerpt":{"rendered":"<p>\u0160OLSKA PREHRANA \u2013 SUBVENCIJE ZA MALICO IN KOSILO Vloge za uveljavljanje subvencije malice in kosila na Centru za socialno delo&nbsp;ni treba oddajati, saj bodo vzgojno-izobra\u017eevalni zavodi upo\u0161tevali uvrstitev v dohodkovni razred na osnovni podatkov o povpre\u010dnem mese\u010dnem dohodku na osebo, ugotovljenem v veljavni odlo\u010dbi o otro\u0161kem dodatku. Vloga za subvencijo malice in subvencijo kosila se na Centru za socialno delo odda&nbsp;samo v primeru, \u010de dru\u017eina u\u010denca ne razpolaga z veljavno odlo\u010dbo o otro\u0161kem dodatku. Vi\u0161ina subvencije in upravi\u010denost do subvencije Subvencija malice oz. brezpla\u010dna malica&nbsp;pripada tistim u\u010dencem, ki se redno izobra\u017eujejo, so prijavljeni na malico in pri katerih povpre\u010dni mese\u010dni [&hellip;]<\/p>\n","protected":false},"author":35617,"featured_media":0,"parent":0,"menu_order":0,"comment_status":"closed","ping_status":"closed","template":"","meta":{"footnotes":""},"class_list":["post-6684","page","type-page","status-publish","hentry"],"_links":{"self":[{"href":"https:\/\/www.obdravinji.si\/index.php?rest_route=\/wp\/v2\/pages\/6684","targetHints":{"allow":["GET"]}}],"collection":[{"href":"https:\/\/www.obdravinji.si\/index.php?rest_route=\/wp\/v2\/pages"}],"about":[{"href":"https:\/\/www.obdravinji.si\/index.php?rest_route=\/wp\/v2\/types\/page"}],"author":[{"embeddable":true,"href":"https:\/\/www.obdravinji.si\/index.php?rest_route=\/wp\/v2\/users\/35617"}],"replies":[{"embeddable":true,"href":"https:\/\/www.obdravinji.si\/index.php?rest_route=%2Fwp%2Fv2%2Fcomments&post=6684"}],"version-history":[{"count":2,"href":"https:\/\/www.obdravinji.si\/index.php?rest_route=\/wp\/v2\/pages\/6684\/revisions"}],"predecessor-version":[{"id":6701,"href":"https:\/\/www.obdravinji.si\/index.php?rest_route=\/wp\/v2\/pages\/6684\/revisions\/6701"}],"wp:attachment":[{"href":"https:\/\/www.obdravinji.si\/index.php?rest_route=%2Fwp%2Fv2%2Fmedia&parent=6684"}],"curies":[{"name":"wp","href":"https:\/\/api.w.org\/{rel}","templated":true}]}}