{"id":667,"date":"2019-09-05T12:06:06","date_gmt":"2019-09-05T10:06:06","guid":{"rendered":"http:\/\/osobdravinji.splet.arnes.si\/?page_id=667"},"modified":"2019-09-05T12:25:47","modified_gmt":"2019-09-05T10:25:47","slug":"knjiznica","status":"publish","type":"page","link":"https:\/\/www.obdravinji.si\/?page_id=667","title":{"rendered":"Knji\u017enica"},"content":{"rendered":"<h1>O knji\u017enici<\/h1>\n<p>\u0160olska knji\u017enica je s svojo dejavnostjo in ponudbo prostor, kjer najdete veliko koristnih in uporabnih nasvetov za uspe\u0161no \u0161olsko delo. V njej pripravljamo prilo\u017enostne razstave, predstavitve knji\u017enih novosti, ure pravljic, uganke, izbiramo \u00bbnaj\u00ab knjige, oblikujemo priporo\u010dilne bralne sezname, izvajamo bralno zna\u010dko in se preizku\u0161amo v bralnih maratonih.<\/p>\n<div id=\"art-main\">\n<div class=\"art-sheet clearfix\">\n<div class=\"art-layout-wrapper\">\n<div class=\"art-content-layout\">\n<div class=\"art-content-layout-row\">\n<div class=\"art-layout-cell art-content\">\n<div class=\"item-page\">\n<article class=\"art-post\">\n<div class=\"art-postcontent clearfix\">\n<div class=\"art-article\">\n<p><span style=\"color: #333333;line-height: 135%;font-family: 'Arial','sans-serif';font-size: 9pt\">Ure knji\u017eni\u010dnih informacijskih znanj potekajo po u\u010dnem na\u010drtu od 1. do 9. razreda, z medpredmetnim povezovanjem pa podpirajo tudi druga predmetna podro\u010dja. <\/span><\/p>\n<p><span style=\"color: #333333;line-height: 135%;font-family: 'Arial','sans-serif';font-size: 9pt\">Knji\u017enica nudi: <\/span><\/p>\n<ul>\n<li><span style=\"line-height: 135%;font-family: 'Arial','sans-serif';font-size: 9pt\">\u0160irok izbor knjig, strokovne literature, revij, \u010dasopisov &#8230;<\/span><\/li>\n<li><span style=\"line-height: 135%;font-family: 'Arial','sans-serif';font-size: 9pt\">Prostor za branje, u\u010denje, izdelavo plakatov, pisanje doma\u010dih nalog &#8230;<\/span><\/li>\n<li><span style=\"line-height: 135%;font-family: 'Arial','sans-serif';font-size: 9pt\">Uporabo ra\u010dunalnika za: <\/span>\n<ul>\n<li><span style=\"line-height: 135%;font-family: 'Arial','sans-serif';font-size: 9pt\">iskanje razli\u010dnih informacij za seminarske, projektne in druge naloge,<\/span><\/li>\n<li><span style=\"line-height: 135%;font-family: 'Arial','sans-serif';font-size: 9pt\">u\u010denje s pomo\u010djo programov na zgo\u0161\u010denkah,<\/span><\/li>\n<li><span style=\"line-height: 135%;font-family: 'Arial','sans-serif';font-size: 9pt\">iskanje informacij o dostopnosti knji\u017eni\u010dnega gradiva.<\/span><\/li>\n<\/ul>\n<\/li>\n<\/ul>\n<p><span style=\"color: #333333;line-height: 135%;font-family: 'Arial','sans-serif';font-size: 9pt\">Uporabniki \u0161olske knji\u017enice morajo izposojeno gradivo pravo\u010dasno vra\u010dati. Za morebitne po\u0161kodbe odgovarjajo sami. Spo\u0161tovati morajo knji\u017eni\u010dni red in pravila lepega vedenja.<\/span><\/p>\n<h1><strong>KNJI\u017dNI\u010cNI RED<\/strong><\/h1>\n<p><strong>\u00a0<\/strong>POSLANSTVO KNJI\u017dNICE<\/p>\n<p>&#8220;Storitve \u0161olske knji\u017enice morajo biti enakopravno zagotovljene vsem \u010dlanom \u0161olske skupnosti ne glede na starost, raso, spol, religijo, narodnost, jezik, strokovni ali socialni status. Posebne storitve in gradiva morajo biti zagotovljena tistim, ki ne morejo uporabljati rednih knji\u017eni\u010dnih storitev in gradiv.&#8221;<br \/>\n(UNESCOV Manifest o splo\u0161nih knji\u017enicah, 1999)<\/p>\n<ol>\n<li><strong>Splo\u0161ne dolo\u010dbe<\/strong><\/li>\n<\/ol>\n<p>Svoje naloge knji\u017enica izpolnjuje tako, da:<\/p>\n<ol>\n<li>izposoja knji\u017eni\u010dno gradivo na dom oz. v kabinete zaposlenih,<br \/>\n2. izposoja knji\u017eni\u010dno gradivo v \u010ditalnico,<\/li>\n<li>izvaja knji\u017eno in knji\u017eni\u010dno vzgojo,<br \/>\n4. opravlja medknji\u017eni\u010dno izposojo za zaposlene in u\u010dence, ki rabijo gradivo za<\/li>\n<\/ol>\n<p>raziskovalne naloge,<br \/>\n5. pridobiva novo gradivo z nakupom, darovi in zameno,<\/p>\n<ol start=\"6\">\n<li>oblikuje in vodi zbirko diplomskih in raziskovalnih nalog,<\/li>\n<li>arhivira starej\u0161e knji\u017eni\u010dno gradivo (serijske publikacije, raziskovalne naloge in glasila),<br \/>\n8. odpisuje in izlo\u010da po\u0161kodovano in zastarelo gradivo na predlog komisije za odpis<\/li>\n<li>seznanja uporabnike s svojo ponudbo in novostmi,<br \/>\n10. seznanja uporabnike s poslovanjem knji\u017enice ter pogoji uporabe njenih prostorov, gradiva in informacijskih virov,<br \/>\n11. seznanja uporabnike z uporabo knji\u017eni\u010dnih katalogov in izvaja individualno uvajanje v COBISS in program \u0161olska knji\u017enica,<br \/>\n12. na vidnih mestih objavlja odpiralni \u010das knji\u017enice, cenik knji\u017eni\u010dnih storitev in rok izposoje,<br \/>\n13. posreduje informacije iz ra\u010dunalni\u0161kih ter drugih informacijskih virov,<br \/>\n14. opravlja poizvedbe v bazah podatkov (on-line, CD-ROM) v tak\u0161nem obsegu, kot razpolaga z njimi,<br \/>\n15. organizira razstave knjig slovenskih in tujih avtorjev,<br \/>\n16. daje podatke za statisti\u010dne evidence (NUK, Statisti\u010dni urad RS, M\u0160Z\u0160).<\/li>\n<\/ol>\n<p>Uporabniki \u0161olske knji\u017enice so fizi\u010dne osebe: u\u010denci in delavci O\u0160 Ob Dravinji.<\/p>\n<p><strong>\u00a0<\/strong><strong>Vpis, \u010dlanstvo<\/strong><\/p>\n<p>Ob vpisu na O\u0160 Ob Dravinji postanejo vsi u\u010denci in u\u010denke \u010dlani na\u0161e knji\u017enice. \u010clani knji\u017enice lahko postanejo tudi zaposleni \u0161ole, ki spo\u0161tujejo knji\u017eni\u010dni red. Zaposleni izpolnijo vpisni obrazec in ga potrdijo s podpisom. V knji\u017enici O\u0160 Ob Dravinji u\u010denci in u\u010denke ter zaposleni ne pla\u010dujejo \u010dlanarine.<\/p>\n<ol start=\"3\">\n<li><strong>Izposoja<\/strong><\/li>\n<\/ol>\n<p>Uporabnikom se vse gradivo izposoja brezpla\u010dno. Za prekora\u010den rok izposoje se zara\u010dunava zamudnina 0,08 \u20ac na dan.<\/p>\n<p>Zamudnike knji\u017enica opozarja na vrnitev gradiva z opomini. Dokler uporabniki ne vrnejo izposojenega gradiva in poravnajo zamudnine ali nadomestijo po\u0161kodovanega ali izgubljenega gradiva, si ne morejo izposoditi drugega gradiva.<\/p>\n<p>Dol\u017enost uporabnikov\u00a0 je, da ob izposoji knji\u017eni\u010dno gradivo pregledajo in knji\u017eni\u010darja takoj opozorijo na vidne po\u0161kodbe oz. manjkajo\u010de dele, sicer bodo za \u0161kodo odgovarjali sami.<\/p>\n<ol start=\"4\">\n<li><strong>Prostori knji\u017enice, obna\u0161anje<\/strong><\/li>\n<\/ol>\n<p>Knji\u017eni\u010dni prostori so namenjeni \u0161tudiju, u\u010denju, iskanju gradiva in informacij iz<\/p>\n<p>katalogov in drugih informacijskih virov. V njih morata biti mir in ti\u0161ina, prepovedana je<\/p>\n<p>tudi uporaba mobilnih telefonov. Zadr\u017eevanje v knji\u017enici brez \u0161tudijskih namenov ni dovoljeno.<\/p>\n<p>Vstop v knji\u017eni\u010dne prostore je u\u010dencem dovoljen le brez vrhnjih obla\u010dil, torb in de\u017enikov. Torbe shranijo na polico za shranjevanje torb ali v svojih garderobnih omaricah. V knji\u017eni\u010dne prostore ni dovoljeno prina\u0161ati hrane in pija\u010de.<\/p>\n<ol start=\"5\">\n<li><strong>Izposojevalni roki gradiva na dom<\/strong><\/li>\n<\/ol>\n<p>Rok izposoje za knji\u017eno gradivo je \u0161tirinajst (14) dni. V primeru zelo iskanega gradiva lahko knji\u017eni\u010dar \u010dasovni rok izposoje primerno skraj\u0161a.<\/p>\n<p>Knji\u017eni\u010dni delavec ima pravico omejiti \u0161tevilo izposojenega gradiva.<\/p>\n<p>Knji\u017eni\u010dno gradivo, ki si ga uporabniki ne morejo izposoditi na dom je naslednje:<\/p>\n<ul>\n<li>referen\u010dno gradivo, ki se uporablja v \u010ditalnici (leksikoni, slovarji, enciklopedije, atlasi \u2026),<\/li>\n<li>ln e knji\u017eno gradivo (CD-ji, CD-ROM-i, videokasete, zvo\u010dne kasete),<\/li>\n<li>polpublikacije (raziskovalne in diplomske naloge).<\/li>\n<\/ul>\n<p>To knji\u017eni\u010dno gradivo si je izjemoma mogo\u010de izposoditi za uporabo pri pouku oz. za fotokopiranje v \u0161olski fotokopirnici, z upo\u0161tevanjem avtorskih pravic.<\/p>\n<p>\u010ce uporabniki potrebujejo knji\u017eni\u010dno gradivo \u0161e po izteku roka izposoje, morajo prositi za podalj\u0161anje roka izposoje gradiva, \u010de ga medtem niso rezervirali drugi uporabniki.<\/p>\n<p>Podalj\u0161anje se ureja osebno.<\/p>\n<p>Gradivo, ki je prosto, si uporabniki lahko rezervirajo. Rezervirano gradivo \u010daka uporabnike najve\u010d tri delovne dni, potem je na voljo ostalim uporabnikom.<\/p>\n<p>Uporabniki lahko rezervirajo tudi gradivo, ki je izposojeno. Ko je rezervirano gradivo vrnjeno, \u010daka na uporabnika, ki ga je rezerviral, v knji\u017enici tri delovne dni.<\/p>\n<p>U\u010denci in u\u010denke devetih razredov morajo gradivo vrniti do 5. junija. Ostali uporabniki morajo vrniti izposojeno gradivo najkasneje deset dni pred zaklju\u010dkom pouka teko\u010dega \u0161olskega leta. Zaposleni ob koncu \u0161olskega leta, najkasneje do 20. junija vrnejo v knji\u017enico vse gradivo, ki so si ga izposodili med letom.<\/p>\n<p>U\u010denke in u\u010denci, ki potrebujejo gradivo za popravne izpite, si to gradivo lahko izposodijo tudi \u010dez po\u010ditnice v dogovoru s knji\u017eni\u010darjem in razrednikom.<\/p>\n<p>U\u010denci in u\u010denke O\u0160 Ob Dravinji (razen devetih razredov), si lahko izposodijo gradivo \u010dez po\u010ditnice po dogovoru s knji\u017eni\u010darjem.<\/p>\n<p>U\u010dencem, ki ne upo\u0161tevajo knji\u017eni\u010dnega reda, lahko knji\u017eni\u010dar odre\u010de izposojo, dokler ne poravnajo obveznosti.<\/p>\n<ol start=\"6\">\n<li><strong>Medknji\u017eni\u010dna izposoja<\/strong><\/li>\n<\/ol>\n<p>Knji\u017enica O\u0160 Ob Dravinji opravlja storitve medknji\u017eni\u010dne izposoje za delavce O\u0160 Ob Dravinji.\u00a0 Iz drugih slovenskih knji\u017enic pridobi, po mednarodno sprejetih pravilih, ki veljajo za medknji\u017eni\u010dno izposojo, gradivo, ki ga potrebujejo uporabniki.<\/p>\n<p>Stro\u0161ke medknji\u017eni\u010dne izposoje poravna uporabnik, ki mu je storitev omogo\u010dena, \u010de ne gre za gradivo, ki je neposredno povezano z vzgojno-izobra\u017eevalnim delom.<\/p>\n<ol start=\"7\">\n<li><strong>Od\u0161kodnina za po\u0161kodovano in izgubljeno gradivo<\/strong><\/li>\n<\/ol>\n<p>Kdor knji\u017eni\u010dno gradivo izgubi ali po\u0161koduje, ga mora nadomestiti z novim in poravnati stro\u0161ke ponovne obdelave v vi\u0161ini 2,08 \u20ac. \u010ce knji\u017eni\u010dnega gradiva ni mogo\u010de nadomestiti ali je ugotovljeno, da je namerno po\u0161kodovano, povzro\u010ditelj pla\u010da tr\u017eno ceno ali gradivo nadomesti z po vsebini enakovrednim gradivom po dogovoru z vodjo knji\u017enice.<\/p>\n<ol start=\"8\">\n<li><strong>Delovni \u010das<\/strong><\/li>\n<\/ol>\n<p>Knji\u017enica je za uporabnike odprta od ponedeljka do petka. kakor je dolo\u010deno z urnikom knji\u017enice, ki je izobe\u0161en na dobro vidnem mestu.<\/p>\n<ol start=\"9\">\n<li><strong>Uporaba ra\u010dunalnikov<\/strong><\/li>\n<\/ol>\n<p>Na ra\u010dunalnikih v knji\u017enici ni dovoljeno:<\/p>\n<ul>\n<li>brisanje name\u0161\u010denih programov in name\u0161\u010danje novih programov,<\/li>\n<li>pregledovanje spornih strani (pornografija, teroristi\u010dne strani \u2026),<\/li>\n<li>vna\u0161anje osebnih podatkov.<\/li>\n<\/ul>\n<p>Za obiskovanje spornih strani ni nobenega opravi\u010dila. Uporabnik, ki zlorabi pravila, izgubi pravico do dostopa.<\/p>\n<p>U\u010denci lahko uporabljajo ra\u010dunalnike za iskanje gradiva po ra\u010dunalni\u0161kem katalogu \u0161olske knji\u017enice, za pregledovanje multimedijskih zgo\u0161\u010denk, ki so na voljo v knji\u017enici, za pisanje in oblikovanje besedil ter za iskanje informacij prek interneta.<\/p>\n<p>Pri uporabi ra\u010dunalnikov imajo prednost u\u010denci, ki potrebujejo informacije za \u0161olsko delo. En ra\u010dunalnik lahko hkrati uporabljata najve\u010d dva u\u010denca.<\/p>\n<p>Prepovedana je uporaba IRC-a in njemu podobnih programov ter igranje igric. V primeru kr\u0161itev lahko vodja knji\u017enice uporabnikom za dolo\u010deno \u010dasovno obdobje prepove uporabo ra\u010dunalnika.<\/p>\n<p>Uporabniki se morajo v knji\u017enici ravnati po knji\u017eni\u010dnem redu.<\/p>\n<p>Knji\u017eni\u010dni red po predhodni obravnavi na u\u010diteljskem zboru potrdi ravnateljica in sprejme svet \u0161ole.<\/p>\n<h1>Baze podatkov<\/h1>\n<div id=\"art-main\">\n<div class=\"art-sheet clearfix\">\n<div class=\"art-layout-wrapper\">\n<div class=\"art-content-layout\">\n<div class=\"art-content-layout-row\">\n<div class=\"art-layout-cell art-content\">\n<div class=\"item-page\">\n<article class=\"art-post\">\n<div class=\"art-postcontent clearfix\">\n<div class=\"art-article\">\n<p>Dragi uporabniki na\u0161e spletne strani, drage u\u010denke in u\u010denci. Predvsem vam so namenjene naslednje \u0161tiri povezave. Omogo\u010dale vam bodo tri povsem razli\u010dne dostope do informacij.<\/p>\n<ul>\n<li>Prva, za vas najpomembnej\u0161a, je povezava na <strong><a href=\"http:\/\/116175.winknj.si\/\" target=\"_blank\">\u0160OLSKO KNJI\u017dNICO<\/a><\/strong>, ki je javno dostopen katalog va\u0161e \u0161olske knji\u017enice. Nudil pa vam bo ve\u010d kot samo to, saj lahko v njem ob zapisih naslovov enot najdete tudi \u017eivljenjepise slovenskih pesnikov in pisateljev. Potrudili pa se bomo, da vam bo katalog v koristno pomo\u010d pri \u0161olskem delu in da boste s\u010dasoma vse ve\u010d stvari lahko opravili sami (rezervacije gradiva in podalj\u0161anje izposojenega gradiva), seveda \u010de boste to hoteli. O novostih vas bomo sproti obve\u0161\u010dali.<\/li>\n<\/ul>\n<p>&nbsp;<\/p>\n<ul>\n<li>dLib je knji\u017enica kjer dobite iskane dokumente v njihovi polni obliki \u2013 kar pomeni da lahko berete in gledate dokumente in gradivo iz monitorja. Vam ljube stvari vam je dovoljeno tudi natisniti. Mislim, da vam bo pri\u010dujo\u010da povezava pri\u0161la prav pri izdelavi razli\u010dnih referatov in seminarskih nalog, pa tudi iz \u010diste radovednosti jo je vredno obiskati. Vendar je uporaba tega portala le v \u0161tudijske namene prepovedana pa je dobi\u010dkonosna oz. komercialna raba gradiva dosegljivega v digitalni knji\u017enici Slovenije<strong>.<\/strong><\/li>\n<\/ul>\n<div><a href=\"http:\/\/www.dlib.si\/\" target=\"_blank\"><img loading=\"lazy\" decoding=\"async\" class=\"aligncenter wp-image-681 size-full\" src=\"http:\/\/osobdravinji.splet.arnes.si\/files\/2019\/09\/dlib.png\" alt=\"\" width=\"185\" height=\"72\" srcset=\"https:\/\/www.obdravinji.si\/files\/2019\/09\/dlib.png 185w, https:\/\/www.obdravinji.si\/files\/2019\/09\/dlib-141x55.png 141w\" sizes=\"auto, (max-width: 185px) 100vw, 185px\" \/><\/a><\/div>\n<div><\/div>\n<ul>\n<li>Europeana je projekt evropske unije in je vseevropska knji\u017enica \u2013 poglejte si jo (lahko si nastavite tudi slovenski jezik, da jo boste la\u017eje uporabljali).<\/li>\n<\/ul>\n<p><a href=\"https:\/\/www.europeana.eu\/portal\/sl\/index.html?lang=sl\" target=\"_blank\"><img loading=\"lazy\" decoding=\"async\" class=\"aligncenter wp-image-691 size-medium\" src=\"http:\/\/osobdravinji.splet.arnes.si\/files\/2019\/09\/EUROPEANA_DSI_LOGO_2-209x300.jpg\" alt=\"\" width=\"209\" height=\"300\" srcset=\"https:\/\/www.obdravinji.si\/files\/2019\/09\/EUROPEANA_DSI_LOGO_2-209x300.jpg 209w, https:\/\/www.obdravinji.si\/files\/2019\/09\/EUROPEANA_DSI_LOGO_2-768x1100.jpg 768w, https:\/\/www.obdravinji.si\/files\/2019\/09\/EUROPEANA_DSI_LOGO_2-715x1024.jpg 715w, https:\/\/www.obdravinji.si\/files\/2019\/09\/EUROPEANA_DSI_LOGO_2-38x55.jpg 38w, https:\/\/www.obdravinji.si\/files\/2019\/09\/EUROPEANA_DSI_LOGO_2-947x1356.jpg 947w, https:\/\/www.obdravinji.si\/files\/2019\/09\/EUROPEANA_DSI_LOGO_2-624x894.jpg 624w, https:\/\/www.obdravinji.si\/files\/2019\/09\/EUROPEANA_DSI_LOGO_2.jpg 1638w\" sizes=\"auto, (max-width: 209px) 100vw, 209px\" \/><\/a><\/p>\n<ul>\n<li>\u010ce kak\u0161nega gradiva ne boste na\u0161li v bazi na\u0161e \u0161olske knji\u017enice in vas zanima, \u010de jo ima Splo\u0161na knji\u017enica Slovenske Konjice ali katerakoli druga slovenska knji\u017enica si to lahko pogledate na Virtualni knji\u017enici Slovenije.<\/li>\n<\/ul>\n<p><a href=\"https:\/\/www.cobiss.si\/\" target=\"_blank\"><img loading=\"lazy\" decoding=\"async\" class=\"aligncenter wp-image-685 size-full\" src=\"http:\/\/osobdravinji.splet.arnes.si\/files\/2019\/09\/cobiss-logotip.gif\" alt=\"\" width=\"185\" height=\"149\" \/><\/a><\/p>\n<ul>\n<li>KAMRA<\/li>\n<\/ul>\n<p><a href=\"https:\/\/www.kamra.si\/\" target=\"_blank\"><img loading=\"lazy\" decoding=\"async\" class=\"aligncenter wp-image-689\" src=\"http:\/\/osobdravinji.splet.arnes.si\/files\/2019\/09\/kamra2.png\" alt=\"\" width=\"321\" height=\"98\" srcset=\"https:\/\/www.obdravinji.si\/files\/2019\/09\/kamra2.png 690w, https:\/\/www.obdravinji.si\/files\/2019\/09\/kamra2-300x91.png 300w, https:\/\/www.obdravinji.si\/files\/2019\/09\/kamra2-181x55.png 181w, https:\/\/www.obdravinji.si\/files\/2019\/09\/kamra2-624x190.png 624w\" sizes=\"auto, (max-width: 321px) 100vw, 321px\" \/><\/a><\/p>\n<p>V kolikor Vas mu\u010dijo vpra\u0161anja, ki se ti\u010dejo knji\u017eni\u010darske stroke, ali branja in literature in bi radi vpra\u0161ali kaj tehtnega mi lahko pi\u0161ete na naslov <a href=\"mailto:knjiznica@osobdravinji.si\">primoz.krivec@obdravinji.si<\/a> ali pa me poi\u0161\u010dete v \u0161olski knji\u017enici, da se pogovorimo o problemu.<\/p>\n<p align=\"right\">Va\u0161 knji\u017eni\u010dar Primo\u017e Krivec, uni. dipl. bibl.<\/p>\n<p align=\"right\"><a href=\"mailto:knjiznica@osobdravinji.si\">primoz.krivec@obdravinji.si<\/a><\/p>\n<\/div>\n<\/div>\n<\/article>\n<\/div>\n<\/div>\n<\/div>\n<\/div>\n<\/div>\n<\/div>\n<\/div>\n<\/div>\n<\/div>\n<\/article>\n<\/div>\n<\/div>\n<\/div>\n<\/div>\n<\/div>\n<\/div>\n<\/div>\n","protected":false},"excerpt":{"rendered":"<p>O knji\u017enici \u0160olska knji\u017enica je s svojo dejavnostjo in ponudbo prostor, kjer najdete veliko koristnih in uporabnih nasvetov za uspe\u0161no \u0161olsko delo. V njej pripravljamo prilo\u017enostne razstave, predstavitve knji\u017enih novosti, ure pravljic, uganke, izbiramo \u00bbnaj\u00ab knjige, oblikujemo priporo\u010dilne bralne sezname, izvajamo bralno zna\u010dko in se preizku\u0161amo v bralnih maratonih. Ure knji\u017eni\u010dnih informacijskih znanj potekajo po u\u010dnem na\u010drtu od 1. do 9. razreda, z medpredmetnim povezovanjem pa podpirajo tudi druga predmetna podro\u010dja. Knji\u017enica nudi: \u0160irok izbor knjig, strokovne literature, revij, \u010dasopisov &#8230; Prostor za branje, u\u010denje, izdelavo plakatov, pisanje doma\u010dih nalog &#8230; Uporabo ra\u010dunalnika za: iskanje razli\u010dnih informacij za seminarske, projektne [&hellip;]<\/p>\n","protected":false},"author":34631,"featured_media":0,"parent":0,"menu_order":0,"comment_status":"closed","ping_status":"closed","template":"","meta":{"footnotes":""},"class_list":["post-667","page","type-page","status-publish","hentry"],"_links":{"self":[{"href":"https:\/\/www.obdravinji.si\/index.php?rest_route=\/wp\/v2\/pages\/667","targetHints":{"allow":["GET"]}}],"collection":[{"href":"https:\/\/www.obdravinji.si\/index.php?rest_route=\/wp\/v2\/pages"}],"about":[{"href":"https:\/\/www.obdravinji.si\/index.php?rest_route=\/wp\/v2\/types\/page"}],"author":[{"embeddable":true,"href":"https:\/\/www.obdravinji.si\/index.php?rest_route=\/wp\/v2\/users\/34631"}],"replies":[{"embeddable":true,"href":"https:\/\/www.obdravinji.si\/index.php?rest_route=%2Fwp%2Fv2%2Fcomments&post=667"}],"version-history":[{"count":6,"href":"https:\/\/www.obdravinji.si\/index.php?rest_route=\/wp\/v2\/pages\/667\/revisions"}],"predecessor-version":[{"id":693,"href":"https:\/\/www.obdravinji.si\/index.php?rest_route=\/wp\/v2\/pages\/667\/revisions\/693"}],"wp:attachment":[{"href":"https:\/\/www.obdravinji.si\/index.php?rest_route=%2Fwp%2Fv2%2Fmedia&parent=667"}],"curies":[{"name":"wp","href":"https:\/\/api.w.org\/{rel}","templated":true}]}}