{"id":3447,"date":"2020-04-06T08:45:14","date_gmt":"2020-04-06T06:45:14","guid":{"rendered":"http:\/\/osobdravinji.splet.arnes.si\/?page_id=3447"},"modified":"2020-04-06T08:48:52","modified_gmt":"2020-04-06T06:48:52","slug":"usi","status":"publish","type":"page","link":"https:\/\/www.obdravinji.si\/?page_id=3447","title":{"rendered":"U\u0161i"},"content":{"rendered":"<p><u>PREPRE\u010cEVANJE IN ODPRAVLJANJE U\u0160IVOSTI<\/u><\/p>\n<p>Ve\u010dina otrok dobi u\u0161i v doma\u010dem okolju, v \u0161oli ali vrtcu pa tudi izven, in to po navadi veliko prej, preden se problem sploh zazna.<\/p>\n<p>Pri prepre\u010devanju in odpravljanju u\u0161ivosti imajo klju\u010dno vlogo star\u0161i in tega ne more nadomestiti ne \u0161ola ne zdravstvena slu\u017eba \u2013 smo jim pa lahko v pomo\u010d. Zakon o nalezljivih boleznih (Ur. L. \u0161t. 33, 30. 3. 2006) star\u0161em nalaga odgovornost in obveznost razu\u0161evanja in jih seznani s posledicami odklanjanja njihovih obveznosti. Zaposleni v \u0161oli nismo dol\u017eni pregledovati lasi\u0161\u010da niti izvajati razu\u0161evanja.<\/p>\n<ol>\n<li>V primeru, ko star\u0161i opazijo u\u0161i ali gnide pri svojemu otroku, morajo to sporo\u010diti razredniku, \u0161olski svetovalni slu\u017ebi ali ravnateljici. Pri tem je pomembno, da star\u0161i povedo, kateri oddelek obiskuje otrok, ni pa potrebno povedati imena in priimka otroka.<\/li>\n<li>\u0160olska svetovalna slu\u017eba pripravi obvestilo o pojavu naglavnih u\u0161i za star\u0161e, s katerim slednjim nalo\u017ei, da takoj, ko je to mogo\u010de, izvedejo razu\u0161evanje, v skladu z navodili za ravnanje ob pojavu naglavnih u\u0161i. \u0160ola v obvestilu star\u0161em sporo\u010di, kje lahko najdejo navodila za ravnanje ob pojavu naglavnih u\u0161i. Odkritje u\u0161i ali gnid na otrokovi glavi ne sme biti razlog, da se otroka po\u0161lje domov, da se mu prepove gibanje ali da se ga izolira iz okolja. Pomembno je, da nikoli javno ne izpostavimo otroka, ki ima u\u0161i, ker ne moremo z gotovostjo vedeti, kdo je vir za \u0161irjenje u\u0161ivosti in zato, da otroka ne stigmatiziramo.<\/li>\n<li>Star\u0161i podpisana obvestila vrnejo razredniku, hranijo pa se v \u0161olski svetovalni slu\u017ebi.<\/li>\n<li>Ob ponovnem obvestilu, da u\u0161ivost ni odpravljena, \u0161olska svetovalna slu\u017eba pripravi obvestilo za star\u0161e, hkrati pa tudi soglasje, v katerem star\u0161i s podpisom dovolijo, da v oddelku, kjer sumimo, da je vir za \u0161irjenje u\u0161ivosti, preventivna sestra Zdravstvenega doma Slov. Konjice opravi pregled lasi\u0161\u010da otrok. Podpisana soglasja zbere razrednik, hranijo pa se v \u0161olski svetovalni slu\u017ebi.<\/li>\n<li>Star\u0161e, ki niso poskrbeli za u\u010dinkovito razu\u0161evanje, \u0161olska svetovalna slu\u017eba v sodelovanju s preventivno sestro povabi na individualni razgovor, v katerem jim razlo\u017ei pomen sodelovanja vsakega posameznika pri izvajanju sistemati\u010dnega razu\u0161evanja za odpravo u\u0161ivosti. \u0160ola posku\u0161a ugotoviti razloge za nesodelovanje in pomaga pri iskanju re\u0161itev.<\/li>\n<li>\u010ce star\u0161i \u0161e vedno ne poskrbijo za odpravo u\u0161ivosti, \u0161ola oz. \u0161olska svetovalna slu\u017eba o tem obvesti In\u0161titut za varovanje zdravja RS, Obmo\u010dni zavod za zdravstveno varstvo in Zdravstveno in\u0161pekcijo.<\/li>\n<li>\u0160olska svetovalna slu\u017eba o vseh aktivnostih, v zvezi s pojavom u\u0161ivosti, sproti obve\u0161\u010da ravnateljico.<\/li>\n<\/ol>\n<p>&nbsp;<\/p>\n<p>Priloga:<\/p>\n<ul>\n<li>Prepre\u010devanje in odpravljanje u\u0161ivosti \u2013 vloga vzgojno izobra\u017eevalnih zavodov<\/li>\n<\/ul>\n<p><a href=\"https:\/\/www.nijz.si\/sites\/www.nijz.si\/files\/uploaded\/preprecevanje_in_odpravljanje_usivosti_-_vloga_vzgojno-izobrazevalnih_zavodov.pdf\">https:\/\/www.nijz.si\/sites\/www.nijz.si\/files\/uploaded\/preprecevanje_in_odpravljanje_usivosti_-_vloga_vzgojno-izobrazevalnih_zavodov.pdf<\/a><\/p>\n<p>&nbsp;<\/p>\n<ul>\n<li>Navodila za ravnanje ob pojavu naglavnih u\u0161i<\/li>\n<\/ul>\n<p><a href=\"https:\/\/www.nijz.si\/sites\/www.nijz.si\/files\/uploaded\/navodila_za_ravnanje_ob_pojavu_naglavnih_usi.pdf\">https:\/\/www.nijz.si\/sites\/www.nijz.si\/files\/uploaded\/navodila_za_ravnanje_ob_pojavu_naglavnih_usi.pdf<\/a><\/p>\n<p>&nbsp;<\/p>\n<ul>\n<li>Kako odkrijemo u\u0161i<\/li>\n<\/ul>\n<p><a href=\"https:\/\/www.nijz.si\/sites\/www.nijz.si\/files\/uploaded\/kako_odkrijemo_usi_plakat_2.pdf\">https:\/\/www.nijz.si\/sites\/www.nijz.si\/files\/uploaded\/kako_odkrijemo_usi_plakat_2.pdf<\/a><\/p>\n<p>&nbsp;<\/p>\n<ul>\n<li>Kako odstranimo u\u0161i<\/li>\n<\/ul>\n<p><a href=\"https:\/\/www.nijz.si\/sites\/www.nijz.si\/files\/uploaded\/kako_odstranimo_usi_plakat_3.pdf\">https:\/\/www.nijz.si\/sites\/www.nijz.si\/files\/uploaded\/kako_odstranimo_usi_plakat_3.pdf<\/a><\/p>\n<p>&nbsp;<\/p>\n<p>\u0160olska svetovalna slu\u017eba\u00a0\u00a0\u00a0\u00a0\u00a0\u00a0\u00a0\u00a0\u00a0\u00a0\u00a0\u00a0\u00a0\u00a0\u00a0\u00a0\u00a0\u00a0\u00a0\u00a0\u00a0\u00a0\u00a0\u00a0\u00a0\u00a0\u00a0\u00a0\u00a0\u00a0\u00a0\u00a0\u00a0\u00a0\u00a0\u00a0\u00a0\u00a0\u00a0\u00a0\u00a0\u00a0\u00a0\u00a0\u00a0 Ravnateljica<\/p>\n<p>Simona Pozeb\u00a0\u00a0\u00a0\u00a0\u00a0\u00a0\u00a0\u00a0\u00a0\u00a0\u00a0\u00a0\u00a0\u00a0\u00a0\u00a0\u00a0\u00a0\u00a0\u00a0\u00a0\u00a0\u00a0\u00a0\u00a0\u00a0\u00a0\u00a0\u00a0\u00a0\u00a0\u00a0\u00a0\u00a0\u00a0\u00a0\u00a0\u00a0\u00a0\u00a0\u00a0\u00a0\u00a0\u00a0\u00a0\u00a0\u00a0\u00a0\u00a0\u00a0\u00a0\u00a0\u00a0\u00a0\u00a0\u00a0\u00a0\u00a0\u00a0\u00a0\u00a0\u00a0 mag. Nevenka Brdnik<\/p>\n<p>Dragica Taks Rutar<\/p>\n<p>&nbsp;<\/p>\n<p>Predstavljeno: Svet star\u0161ev O\u0160 Ob Dravinji, Slov. Konjice, dne 2. 10. 2013<\/p>\n","protected":false},"excerpt":{"rendered":"<p>PREPRE\u010cEVANJE IN ODPRAVLJANJE U\u0160IVOSTI Ve\u010dina otrok dobi u\u0161i v doma\u010dem okolju, v \u0161oli ali vrtcu pa tudi izven, in to po navadi veliko prej, preden se problem sploh zazna. Pri prepre\u010devanju in odpravljanju u\u0161ivosti imajo klju\u010dno vlogo star\u0161i in tega ne more nadomestiti ne \u0161ola ne zdravstvena slu\u017eba \u2013 smo jim pa lahko v pomo\u010d. Zakon o nalezljivih boleznih (Ur. L. \u0161t. 33, 30. 3. 2006) star\u0161em nalaga odgovornost in obveznost razu\u0161evanja in jih seznani s posledicami odklanjanja njihovih obveznosti. Zaposleni v \u0161oli nismo dol\u017eni pregledovati lasi\u0161\u010da niti izvajati razu\u0161evanja. V primeru, ko star\u0161i opazijo u\u0161i ali gnide pri svojemu [&hellip;]<\/p>\n","protected":false},"author":36039,"featured_media":0,"parent":0,"menu_order":0,"comment_status":"closed","ping_status":"closed","template":"","meta":{"footnotes":""},"class_list":["post-3447","page","type-page","status-publish","hentry"],"_links":{"self":[{"href":"https:\/\/www.obdravinji.si\/index.php?rest_route=\/wp\/v2\/pages\/3447","targetHints":{"allow":["GET"]}}],"collection":[{"href":"https:\/\/www.obdravinji.si\/index.php?rest_route=\/wp\/v2\/pages"}],"about":[{"href":"https:\/\/www.obdravinji.si\/index.php?rest_route=\/wp\/v2\/types\/page"}],"author":[{"embeddable":true,"href":"https:\/\/www.obdravinji.si\/index.php?rest_route=\/wp\/v2\/users\/36039"}],"replies":[{"embeddable":true,"href":"https:\/\/www.obdravinji.si\/index.php?rest_route=%2Fwp%2Fv2%2Fcomments&post=3447"}],"version-history":[{"count":3,"href":"https:\/\/www.obdravinji.si\/index.php?rest_route=\/wp\/v2\/pages\/3447\/revisions"}],"predecessor-version":[{"id":3519,"href":"https:\/\/www.obdravinji.si\/index.php?rest_route=\/wp\/v2\/pages\/3447\/revisions\/3519"}],"wp:attachment":[{"href":"https:\/\/www.obdravinji.si\/index.php?rest_route=%2Fwp%2Fv2%2Fmedia&parent=3447"}],"curies":[{"name":"wp","href":"https:\/\/api.w.org\/{rel}","templated":true}]}}