{"id":3441,"date":"2020-04-06T08:45:14","date_gmt":"2020-04-06T06:45:14","guid":{"rendered":"http:\/\/osobdravinji.splet.arnes.si\/?page_id=3441"},"modified":"2026-01-25T21:13:52","modified_gmt":"2026-01-25T20:13:52","slug":"nacionalno-preverjanje-znanja-npz","status":"publish","type":"page","link":"https:\/\/www.obdravinji.si\/?page_id=3441","title":{"rendered":"Nacionalno preverjanje znanja (NPZ)"},"content":{"rendered":"<p>Z nacionalnim preverjanjem znanja (NPZ) vsi skupaj \u2013 u\u010denke in u\u010denci s star\u0161i, u\u010ditelji, ravnatelji in drugi strokovni delavci \u0161ole, pa tudi na ravni celotnega sistema vzgoje in izobra\u017eevanja \u2013 preverimo, kako uspe\u0161ni smo pri doseganju ciljev in standardov znanja, dolo\u010denih z u\u010dnimi na\u010drti, in na tej podlagi ustrezno na\u010drtujemo nadaljnje vzgojno-izobra\u017eevalno delo. Dose\u017eek posameznega u\u010denca pri NPZ-ju njemu, njegovim star\u0161em in tudi u\u010diteljem omogo\u010da predvsem dodatno informacijo, na podlagi katere lahko bolje spremljajo \u0161olsko delo (npr. katere vsebine u\u010dnega na\u010drta obvlada slab\u0161e, katera so njegova mo\u010dna podro\u010dja glede na vsebino vsakoletnega preizkusa in v primerjavi z vrstniki v dr\u017eavi).<\/p>\n<p>NPZ opravljajo u\u010denci 3., 6. in 9. razreda. U\u010denci 3. razreda opravljajo preizkus iz sloven\u0161\u010dine in matematike, u\u010denci 6. razreda opravljajo preizkus iz sloven\u0161\u010dine, matematike in angle\u0161\u010dine, u\u010denci 9. razreda pa iz sloven\u0161\u010dine, matematike in tretjega predmeta, ki ga vsako \u0161olsko leto dolo\u010di minister za izobra\u017eevanje, znanost in \u0161port.<\/p>\n<p>V \u0161olskem letu 2025\/2026 je tretji predmet na Osnovni \u0161oli Ob Dravinji <strong>KEMIJA<\/strong>.<\/p>\n<p><strong>NPZ bo v \u0161olskem letu 2025\/2026 potekalo po razporedu:<\/strong><\/p>\n<p><img loading=\"lazy\" decoding=\"async\" class=\"aligncenter size-full wp-image-15365\" src=\"https:\/\/www.obdravinji.si\/files\/2026\/01\/NPZ-2025-2026.jpg\" alt=\"\" width=\"762\" height=\"172\" srcset=\"https:\/\/www.obdravinji.si\/files\/2026\/01\/NPZ-2025-2026.jpg 762w, https:\/\/www.obdravinji.si\/files\/2026\/01\/NPZ-2025-2026-300x68.jpg 300w, https:\/\/www.obdravinji.si\/files\/2026\/01\/NPZ-2025-2026-624x141.jpg 624w\" sizes=\"auto, (max-width: 762px) 100vw, 762px\" \/><\/p>\n<p>\u00a0<\/p>\n<p><strong>Opravi\u010devanje odsotnosti<\/strong><\/p>\n<p>Star\u0161i u\u010denca, ki se ni udele\u017eil NPZ iz posameznega predmeta, morajo razloge za neudele\u017ebo u\u010denca sporo\u010diti ravnatelju osnovne \u0161ole, ki jo u\u010denec obiskuje, najpozneje v 24 urah po za\u010detku NPZ iz posameznega predmeta.<\/p>\n<p>Opravi\u010dljivi razlogi za neudele\u017ebo pri NPZ so:<br \/>1. bolezen, po\u0161kodba oziroma zdravstveno stanje u\u010denca, ki onemogo\u010da udele\u017ebo pri NPZ,<br \/>2. naravna ali druga nesre\u010da (npr. prometna nesre\u010da),<br \/>3. smrt v dru\u017eini,<br \/>4. aktivna udele\u017eba na mednarodnem tekmovanju iz znanja ali ve\u0161\u010din na podlagi predhodne uvrstitve u\u010denca na dr\u017eavnem tekmovanju,<br \/>5. aktivna udele\u017eba na velikem mednarodnem \u0161portnem tekmovanju v skladu z zakonom, ki ureja \u0161port, in<br \/>6. drugi utemeljeni razlogi.<\/p>\n<p>Pisna dokazila o upravi\u010denosti razlogov star\u0161i predlo\u017eijo ravnatelju najpozneje v treh delovnih dneh od dneva, ko so ravnatelju sporo\u010dili razloge za neudele\u017ebo pri NPZ. Pisno dokazilo v primeru bolezni, po\u0161kodbe oziroma zdravstvenega stanja u\u010denca, ki onemogo\u010da udele\u017ebo pri NPZ, je potrdilo pristojnega zdravnika. Za utemeljitev neudele\u017ebe zaradi drugih zgoraj navedenih opravi\u010dljivih razlogov se predlo\u017eijo dokazila pristojnih institucij oziroma organov, iz katerih izhaja, da se u\u010denec ni mogel udele\u017eiti NPZ.<br \/>Ravnatelj na podlagi predlo\u017eenih dokazil v treh dneh od prejema dokazil odlo\u010di o upravi\u010denosti razlogov.<\/p>\n<p>Upravi\u010dena odsotnost je \u0161e posebej pomembna za u\u010dence 9. razredov zaradi to\u010dk, ki jih bodo mogo\u010de potrebovali za vpis v srednje \u0161ole. V primeru neupravi\u010dene odsotnosti pri posameznem predmetu namre\u010d u\u010denci ne dobijo to\u010dk, v primeru upravi\u010dene odsotnosti pa se jim \u0161tejejo to\u010dke, dolo\u010dene s strani MVI (Ministrstvo za vzgojo in izobra\u017eevanje).<\/p>\n<p><a href=\"https:\/\/www.obdravinji.si\/files\/2026\/01\/Vloga-za-opravicitev-neudelezbe.pdf\">Vloga za opravi\u010ditev neudele\u017ebe<\/a><\/p>\n<p><strong>Kr\u0161itve navodil<\/strong><\/p>\n<p>\u010ce bo med pisanjem nacionalnega preverjanja znanja pri\u0161lo do kr\u0161itev, lahko nadzorni u\u010ditelj v skladu s Pravilnikom o nacionalnem preverjanju znanja v osnovni \u0161oli, u\u010denca najprej opozori, ob nadaljnjih kr\u0161itvah pa lahko tudi prekine re\u0161evanje preizkusa znanja.<\/p>\n<p>Med kr\u0161itve u\u010dencev pri NPZ spadajo:<\/p>\n<ul>\n<li>posedovanje in uporaba nedovoljenih pripomo\u010dkov,<\/li>\n<li>oziranje, pogovarjanje oziroma sporazumevanje z drugimi u\u010denci,<\/li>\n<li>prepisovanje ali dopustitev prepisovanja,<\/li>\n<li>motenje poteka NPZ,<\/li>\n<li>vpisovanje ali risanje neprimernih znakov ali vsebin v preizkus znanja,<\/li>\n<li>ponavljanje kr\u0161itev in njihovo stopnjevanje.<\/li>\n<\/ul>\n<p>\u0160ola bo vzgojno postopala tudi, \u010de se bo med postopkom opti\u010dnega branja ali vrednotenja ugotovilo, da u\u010den\u010dev preizkus znanja vsebuje zapise ali risbe z neprimerno ali \u017ealjivo vsebino. V tem primeru se bo preizkus ovrednotil, \u0161olo pa se bo o dogodku obvestilo, da bo vzgojno ukrepala v skladu s pravili \u0161olskega reda ali vzgojnega na\u010drta.<\/p>\n<p><strong>\u00a0<\/strong>Vse informacije glede nacionalnega preverjanja znanja so objavljene na spletni strani Republi\u0161kega izpitnega centra (RIC):<\/p>\n<p><a href=\"https:\/\/www.ric.si\/preverjanje_znanja\/splosne_informacije\/\">https:\/\/www.ric.si\/preverjanje_znanja\/splosne_informacije\/<\/a><\/p>\n<p><a href=\"https:\/\/www.obdravinji.si\/files\/2026\/01\/Predstavitveni-letak-NPZ_SLO_2026_splet.pdf\">Informacije za star\u0161e in u\u010dence 2025\/2026<\/a><\/p>\n<p>\u00a0<\/p>\n\n\n<p>Za ve\u010d informacij se lahko obrnete na svetovalno delavko Suzano K. Breznik na&nbsp;<a href=\"http:\/\/tinymce\/suzana.kovse@obdravinji.si\" target=\"_blank\" rel=\"noreferrer noopener\">suzana.kovse@obdravinji.si<\/a>&nbsp;ali na \u0161t. 03\/757-27-37.<\/p>\n","protected":false},"excerpt":{"rendered":"<p>Z nacionalnim preverjanjem znanja (NPZ) vsi skupaj \u2013 u\u010denke in u\u010denci s star\u0161i, u\u010ditelji, ravnatelji in drugi strokovni delavci \u0161ole, pa tudi na ravni celotnega sistema vzgoje in izobra\u017eevanja \u2013 preverimo, kako uspe\u0161ni smo pri doseganju ciljev in standardov znanja, dolo\u010denih z u\u010dnimi na\u010drti, in na tej podlagi ustrezno na\u010drtujemo nadaljnje vzgojno-izobra\u017eevalno delo. Dose\u017eek posameznega u\u010denca pri NPZ-ju njemu, njegovim star\u0161em in tudi u\u010diteljem omogo\u010da predvsem dodatno informacijo, na podlagi katere lahko bolje spremljajo \u0161olsko delo (npr. katere vsebine u\u010dnega na\u010drta obvlada slab\u0161e, katera so njegova mo\u010dna podro\u010dja glede na vsebino vsakoletnega preizkusa in v primerjavi z vrstniki v dr\u017eavi). [&hellip;]<\/p>\n","protected":false},"author":36039,"featured_media":0,"parent":0,"menu_order":0,"comment_status":"closed","ping_status":"closed","template":"","meta":{"footnotes":""},"class_list":["post-3441","page","type-page","status-publish","hentry"],"_links":{"self":[{"href":"https:\/\/www.obdravinji.si\/index.php?rest_route=\/wp\/v2\/pages\/3441","targetHints":{"allow":["GET"]}}],"collection":[{"href":"https:\/\/www.obdravinji.si\/index.php?rest_route=\/wp\/v2\/pages"}],"about":[{"href":"https:\/\/www.obdravinji.si\/index.php?rest_route=\/wp\/v2\/types\/page"}],"author":[{"embeddable":true,"href":"https:\/\/www.obdravinji.si\/index.php?rest_route=\/wp\/v2\/users\/36039"}],"replies":[{"embeddable":true,"href":"https:\/\/www.obdravinji.si\/index.php?rest_route=%2Fwp%2Fv2%2Fcomments&post=3441"}],"version-history":[{"count":15,"href":"https:\/\/www.obdravinji.si\/index.php?rest_route=\/wp\/v2\/pages\/3441\/revisions"}],"predecessor-version":[{"id":15369,"href":"https:\/\/www.obdravinji.si\/index.php?rest_route=\/wp\/v2\/pages\/3441\/revisions\/15369"}],"wp:attachment":[{"href":"https:\/\/www.obdravinji.si\/index.php?rest_route=%2Fwp%2Fv2%2Fmedia&parent=3441"}],"curies":[{"name":"wp","href":"https:\/\/api.w.org\/{rel}","templated":true}]}}