{"id":3439,"date":"2020-04-06T08:45:14","date_gmt":"2020-04-06T06:45:14","guid":{"rendered":"http:\/\/osobdravinji.splet.arnes.si\/?page_id=3439"},"modified":"2026-04-17T16:37:06","modified_gmt":"2026-04-17T14:37:06","slug":"obvezni-izbirni-predmeti","status":"publish","type":"page","link":"https:\/\/www.obdravinji.si\/?page_id=3439","title":{"rendered":"Obvezni izbirni predmeti"},"content":{"rendered":"<p>Poleg obveznih predmetov imajo u\u010denci v 7., 8. in 9. razredu tudi\u00a0<strong>IZBIRNE PREDMETE<\/strong>\u00a0iz:<\/p>\n<ul>\n<li>DRU\u017dBOSLOVNO-HUMANISTI\u010cNEGA SKLOPA in<\/li>\n<li>NARAVOSLOVNO-TEHNI\u0160KEGA SKLOPA.<\/li>\n<\/ul>\n<p><strong>\u00a0<\/strong><\/p>\n<p><strong>U\u010cENEC LAHKO IZBERE<\/strong>:<\/p>\n<ul>\n<li><strong><u>2 uri\u00a0<\/u><\/strong><u>izbirnih predmetov tedensko \u2013 OBVEZNO ali<\/u><\/li>\n<li><strong><u>3 ure<\/u><\/strong><u>, \u010de s tem sogla\u0161ajo njegovi star\u0161i. <\/u>To pomeni: \u010de se u\u010denec odlo\u010di za obiskovanje izbirnega predmeta, ki se izvaja\u00a0<u>dve\u00a0<\/u>uri tedensko lahko izbere\u00a0<u>dva enourna predmeta<\/u>, ali\u00a0<u>enega, ki se izvaja dve uri tedensko<\/u>\u00a0<em>(tuji jezik je edini izbirni predmet, ki traja dve uri tedensko).<\/em><\/li>\n<\/ul>\n<p><strong>\u010ce u\u010denec obiskuje glasbeno \u0161olo z javnim veljavnim programom, je lahko na predlog star\u0161ev opro\u0161\u010den sodelovanja pri izbirnih predmetih v celoti ali eno uro tedensko. Star\u0161i po junijskem roku za vpis v glasbeno \u0161olo za naslednje \u0161olsko leto osnovni \u0161oli posredujejo pisno vlogo, ki ji predlo\u017eijo potrdilo o vpisu otroka v glasbeno \u0161olo. V vlogi morajo navesti, ali \u017eelijo, da je otrok opro\u0161\u010den eno ali dve uri izbirnih predmetov. O oprostitvi odlo\u010da ravnatelj za posamezno \u0161olsko leto. \u010ce se u\u010denec vpi\u0161e v glasbeno \u0161olo v avgustovskem roku, je potrebno osnovni \u0161oli posredovati vlogo do 31. avgusta.<\/strong><\/p>\n<p><strong>\u00a0<\/strong><\/p>\n<p><strong>IZBIRNI PREDMETI:<\/strong><\/p>\n<ul>\n<li>So obvezni del pouka, neopravi\u010deno izostajanje od ur pouka ima za posledico\u00a0<strong>NEOPRAVI\u010cENO URO.<\/strong><\/li>\n<li>So ume\u0161\u010deni v urnik posameznega razreda.<\/li>\n<li>Predmeti se ocenjujejo s \u0161tevil\u010dnimi ocenami od 1 do 5. \u010ce ima u\u010denec ob koncu \u0161olskega leta negativno oceno pri izbirnem predmetu, opravlja popravni izpit. \u010ce izpita ne opravi, razred ponavlja.<\/li>\n<\/ul>\n<p><strong>\u00a0<\/strong><\/p>\n<p><strong>U\u010denci 7., 8. in 9. r. na Osnovni \u0161oli Ob Dravinji lahko v \u0161ol. letu 2026\/2027<\/strong>\u00a0izbirajo med slede\u010dimi izbirnimi predmeti (klikni na predmet, da se odpre opis predmeta):<\/p>\n<p><img loading=\"lazy\" decoding=\"async\" class=\"aligncenter size-full wp-image-16026\" src=\"https:\/\/www.obdravinji.si\/files\/2026\/04\/Obvezni-izbirni-predmeti-2026-2027.jpg\" alt=\"\" width=\"1000\" height=\"470\" srcset=\"https:\/\/www.obdravinji.si\/files\/2026\/04\/Obvezni-izbirni-predmeti-2026-2027.jpg 1000w, https:\/\/www.obdravinji.si\/files\/2026\/04\/Obvezni-izbirni-predmeti-2026-2027-300x141.jpg 300w, https:\/\/www.obdravinji.si\/files\/2026\/04\/Obvezni-izbirni-predmeti-2026-2027-768x361.jpg 768w, https:\/\/www.obdravinji.si\/files\/2026\/04\/Obvezni-izbirni-predmeti-2026-2027-947x445.jpg 947w, https:\/\/www.obdravinji.si\/files\/2026\/04\/Obvezni-izbirni-predmeti-2026-2027-624x293.jpg 624w\" sizes=\"auto, (max-width: 1000px) 100vw, 1000px\" \/><\/p>\n<ul>\n<li><strong><a href=\"https:\/\/www.obdravinji.si\/files\/2026\/04\/IP-Astronomija.pdf\">IP Astronomija<\/a><\/strong><\/li>\n<li><strong><a href=\"https:\/\/www.obdravinji.si\/files\/2024\/05\/IP-Geografija-Raziskovanje-domacega-kraja-in-varstvo-njegovega-okolja.pdf\">IP Geografija &#8211; Raziskovanje doma\u010dega kraja in varstvo njegovega okolja<\/a><\/strong><\/li>\n<li><strong><a href=\"https:\/\/www.obdravinji.si\/files\/2024\/05\/Gledaliski-klub-2024-2025.pdf\">IP Gledali\u0161ki klub<\/a>\u00a0<\/strong><\/li>\n<li><strong><a href=\"https:\/\/www.obdravinji.si\/files\/2026\/04\/IP-ISP-Odbojka.pdf\">IP I\u0160P Odbojka<\/a><\/strong><\/li>\n<li><strong><a href=\"https:\/\/www.obdravinji.si\/files\/2026\/04\/IP-Nacini-prehranjevanja.pdf\">IP Na\u010dini prehranjevanja<\/a><\/strong><\/li>\n<li><strong><a href=\"https:\/\/www.obdravinji.si\/files\/2026\/04\/IP-Nemscina.pdf\">IP Nem\u0161\u010dina<\/a><\/strong><\/li>\n<li><strong><a href=\"http:\/\/osobdravinji.splet.arnes.si\/files\/2020\/04\/IP-Likovno-snovanje.pdf\">IP Likovno snovanje<\/a><\/strong><\/li>\n<li><strong><a href=\"https:\/\/www.obdravinji.si\/files\/2024\/05\/IP-Matematicna-delavnica-7.pdf\">IP Matemati\u010dna delavnica 7<\/a><\/strong><\/li>\n<li><strong><a href=\"http:\/\/osobdravinji.splet.arnes.si\/files\/2020\/04\/IP-Multimedija.pdf\">IP Multimedija<\/a><\/strong><\/li>\n<li><strong><a href=\"http:\/\/osobdravinji.splet.arnes.si\/files\/2020\/04\/IP-Obdelava-gradiv-Les.pdf\">IP Obdelava gradiv &#8211; Les<\/a><\/strong><\/li>\n<li><strong><a href=\"http:\/\/osobdravinji.splet.arnes.si\/files\/2020\/04\/IP-Rac\u030cunalnis\u030cka-omrez\u030cja.pdf\">IP Ra\u010dunalni\u0161ka omre\u017eja<\/a><\/strong><\/li>\n<li><strong><a href=\"https:\/\/www.obdravinji.si\/files\/2026\/04\/IP-Sodobna-priprava-hrane.pdf\">IP Sodobna priprava hrane<\/a><\/strong><\/li>\n<li><strong><a href=\"https:\/\/www.obdravinji.si\/files\/2026\/04\/IP-SSP-Sport-za-sprostitev.pdf\">IP \u0160SP \u0160port za sprostitev<\/a><\/strong><\/li>\n<li><strong><a href=\"https:\/\/www.obdravinji.si\/files\/2024\/05\/SZZ-Sport-za-zdravje.pdf\">IP \u0160port za zdravje<\/a><\/strong><\/li>\n<li><strong><a href=\"https:\/\/www.obdravinji.si\/files\/2024\/05\/IP-Turisticna-vzgoja.pdf\">IP Turisti\u010dna vzgoja<\/a><\/strong><\/li>\n<li><strong><a href=\"http:\/\/osobdravinji.splet.arnes.si\/files\/2020\/04\/IP-Urejanje-besedil.pdf\">IP Urejanje besedil<\/a><\/strong><!--more--><\/li>\n<\/ul>\n<p><!--more--><\/p>\n<p><span style=\"color: #ff0000\"><strong>NAVODILA IN DOKUMENTI<\/strong><\/span><\/p>\n<p><strong>Navodila za prijavo na neobvezni izbirni predmet:<\/strong><\/p>\n<p>U\u010denci se k obveznemu izbirnemu predmetu prijavijo z elektronsko prijavnico preko spletne strani Lopolis. Navodila za prijavo lahko najdete tukaj: <a href=\"https:\/\/www.obdravinji.si\/files\/2026\/04\/Predmeti-Spletna-prijava-na-predmete.pdf\">Predmeti &#8211; Spletna prijava na predmete<\/a>.<\/p>\n<p><a href=\"https:\/\/www.obdravinji.si\/files\/2026\/04\/Obvezni-izbirni-predmeti-2026-2027.pdf\">Obvezni izbirni predmeti 2026\/2027<\/a><\/p>\n<p><a href=\"https:\/\/www.obdravinji.si\/files\/2024\/05\/Izbirni-predmeti-Predlog-za-oprostitev-sodelovanja-pri-izbirnih-predmetih.pdf\">Izbirni predmeti &#8211; Predlog za oprostitev sodelovanja pri izbirnih predmetih<\/a><\/p>\n\n\n<p><\/p>\n","protected":false},"excerpt":{"rendered":"<p>Poleg obveznih predmetov imajo u\u010denci v 7., 8. in 9. razredu tudi\u00a0IZBIRNE PREDMETE\u00a0iz: DRU\u017dBOSLOVNO-HUMANISTI\u010cNEGA SKLOPA in NARAVOSLOVNO-TEHNI\u0160KEGA SKLOPA. \u00a0 U\u010cENEC LAHKO IZBERE: 2 uri\u00a0izbirnih predmetov tedensko \u2013 OBVEZNO ali 3 ure, \u010de s tem sogla\u0161ajo njegovi star\u0161i. To pomeni: \u010de se u\u010denec odlo\u010di za obiskovanje izbirnega predmeta, ki se izvaja\u00a0dve\u00a0uri tedensko lahko izbere\u00a0dva enourna predmeta, ali\u00a0enega, ki se izvaja dve uri tedensko\u00a0(tuji jezik je edini izbirni predmet, ki traja dve uri tedensko). \u010ce u\u010denec obiskuje glasbeno \u0161olo z javnim veljavnim programom, je lahko na predlog star\u0161ev opro\u0161\u010den sodelovanja pri izbirnih predmetih v celoti ali eno uro tedensko. Star\u0161i po junijskem [&hellip;]<\/p>\n","protected":false},"author":36039,"featured_media":0,"parent":0,"menu_order":0,"comment_status":"closed","ping_status":"closed","template":"","meta":{"footnotes":""},"class_list":["post-3439","page","type-page","status-publish","hentry"],"_links":{"self":[{"href":"https:\/\/www.obdravinji.si\/index.php?rest_route=\/wp\/v2\/pages\/3439","targetHints":{"allow":["GET"]}}],"collection":[{"href":"https:\/\/www.obdravinji.si\/index.php?rest_route=\/wp\/v2\/pages"}],"about":[{"href":"https:\/\/www.obdravinji.si\/index.php?rest_route=\/wp\/v2\/types\/page"}],"author":[{"embeddable":true,"href":"https:\/\/www.obdravinji.si\/index.php?rest_route=\/wp\/v2\/users\/36039"}],"replies":[{"embeddable":true,"href":"https:\/\/www.obdravinji.si\/index.php?rest_route=%2Fwp%2Fv2%2Fcomments&post=3439"}],"version-history":[{"count":15,"href":"https:\/\/www.obdravinji.si\/index.php?rest_route=\/wp\/v2\/pages\/3439\/revisions"}],"predecessor-version":[{"id":16043,"href":"https:\/\/www.obdravinji.si\/index.php?rest_route=\/wp\/v2\/pages\/3439\/revisions\/16043"}],"wp:attachment":[{"href":"https:\/\/www.obdravinji.si\/index.php?rest_route=%2Fwp%2Fv2%2Fmedia&parent=3439"}],"curies":[{"name":"wp","href":"https:\/\/api.w.org\/{rel}","templated":true}]}}