{"id":3433,"date":"2020-04-06T08:45:14","date_gmt":"2020-04-06T06:45:14","guid":{"rendered":"http:\/\/osobdravinji.splet.arnes.si\/?page_id=3433"},"modified":"2026-01-25T21:18:26","modified_gmt":"2026-01-25T20:18:26","slug":"ucne-tezave","status":"publish","type":"page","link":"https:\/\/www.obdravinji.si\/?page_id=3433","title":{"rendered":"U\u010dne te\u017eave"},"content":{"rendered":"<p><strong>PREPOZNAVANJE U\u010cNIH IN DRUGIH TE\u017dAV<\/strong><\/p>\n<p>Star\u0161i in\/ali u\u010ditelji so obi\u010dajno prvi, ki opazijo dolo\u010dene posebnosti in ovire, s katerimi se otrok soo\u010da tekom u\u010denja in sodelovanja pri pouku in doma. V primeru opa\u017eanj te\u017eav, ki so prisotne v ve\u010d okoljih (doma, v \u0161oli, v prosto\u010dasnih dejavnostih) in dalj\u0161e \u010dasovno obdobje, je potrebno poiskati pomo\u010d in prepoznati naravo te\u017eav, prisotnih pri otroku.<\/p>\n<p>Po posvetu s star\u0161i, otrokovim u\u010diteljem in svetovalno slu\u017ebo ter ob privolitvi star\u0161ev psihologinja ali specialna pedagoginja izvede postopke za diagnostiko u\u010dnih in drugih te\u017eav. Na podlagi rezultatov in ugotovitev pripravi prilagoditve in predloge pomo\u010di otroku za star\u0161e in u\u010ditelje.<\/p>\n<p>Predlaga lahko tudi nadaljnjo obravnavo v zunanjih institucijah:<\/p>\n<ul>\n<li>pomo\u010d v Svetovalnem centru za otroke, mladostnike in star\u0161e Maribor,<\/li>\n<li>vlo\u017eitev zahteve za uvedbo postopka usmerjanja na Zavodu za \u0161olstvo,<\/li>\n<li>usmeritev v druge institucije, odvisno od narave otrokovih te\u017eav.<\/li>\n<\/ul>\n<p><strong>\u00a0<\/strong><\/p>\n<p><strong>Individualna in skupinska u\u010dna pomo\u010d (ISP)<\/strong><\/p>\n<p>U\u010denci z u\u010dnimi te\u017eavami, ki jih predlagajo razredniki, u\u010ditelji ali svetovalna slu\u017eba, se lahko s pisnim soglasjem star\u0161ev vklju\u010dijo v individualno in skupinsko u\u010dno pomo\u010d, ki se izvaja v obsegu ene \u0161olske ure tedensko pred, med ali po pouku. ISP je namenjen u\u010dencem s te\u017eavami na razli\u010dnih podro\u010djih u\u010denja, ki redno obiskujejo dopolnilni pouk, vendar pa njihove te\u017eave ne izzvenijo, pa\u010d pa se ka\u017ee potreba po intenzivnej\u0161i obravnavi in strokovni pomo\u010di.<\/p>\n<p><strong>U\u010cENCI S POSEBNIMI POTREBAMI<\/strong><\/p>\n<p>Kadar individualna in skupinska u\u010dna pomo\u010d u\u010dencu ni dovolj pri doseganju minimalnih ciljev pri pouku, se star\u0161em predlaga za\u010detek postopka usmerjanja.<\/p>\n<p>Usmerjanje otrok in mladostnikov s posebnimi potrebami se izvaja na osnovi\u00a0<a href=\"http:\/\/www.zrss.si\/default.asp?rub=207\">Zakona o usmerjanju otrok s posebnimi potrebami (ZUOPP-1)<\/a>, podzakonskih aktov s podro\u010dja usmerjanja otrok s posebnimi potrebami in Zakona o splo\u0161nem upravnem postopku.<\/p>\n<p><u>Ure DSP izvajajo:<\/u><\/p>\n<p>Suzana Kov\u0161e Breznik, Ingrid Dorner Radosavljevi\u0107,\u00a0Kaja Bicskey, Simona Pozeb in Petra Paradi\u017enik.<\/p>\n","protected":false},"excerpt":{"rendered":"<p>PREPOZNAVANJE U\u010cNIH IN DRUGIH TE\u017dAV Star\u0161i in\/ali u\u010ditelji so obi\u010dajno prvi, ki opazijo dolo\u010dene posebnosti in ovire, s katerimi se otrok soo\u010da tekom u\u010denja in sodelovanja pri pouku in doma. V primeru opa\u017eanj te\u017eav, ki so prisotne v ve\u010d okoljih (doma, v \u0161oli, v prosto\u010dasnih dejavnostih) in dalj\u0161e \u010dasovno obdobje, je potrebno poiskati pomo\u010d in prepoznati naravo te\u017eav, prisotnih pri otroku. Po posvetu s star\u0161i, otrokovim u\u010diteljem in svetovalno slu\u017ebo ter ob privolitvi star\u0161ev psihologinja ali specialna pedagoginja izvede postopke za diagnostiko u\u010dnih in drugih te\u017eav. Na podlagi rezultatov in ugotovitev pripravi prilagoditve in predloge pomo\u010di otroku za star\u0161e in [&hellip;]<\/p>\n","protected":false},"author":36039,"featured_media":0,"parent":0,"menu_order":0,"comment_status":"closed","ping_status":"closed","template":"","meta":{"footnotes":""},"class_list":["post-3433","page","type-page","status-publish","hentry"],"_links":{"self":[{"href":"https:\/\/www.obdravinji.si\/index.php?rest_route=\/wp\/v2\/pages\/3433","targetHints":{"allow":["GET"]}}],"collection":[{"href":"https:\/\/www.obdravinji.si\/index.php?rest_route=\/wp\/v2\/pages"}],"about":[{"href":"https:\/\/www.obdravinji.si\/index.php?rest_route=\/wp\/v2\/types\/page"}],"author":[{"embeddable":true,"href":"https:\/\/www.obdravinji.si\/index.php?rest_route=\/wp\/v2\/users\/36039"}],"replies":[{"embeddable":true,"href":"https:\/\/www.obdravinji.si\/index.php?rest_route=%2Fwp%2Fv2%2Fcomments&post=3433"}],"version-history":[{"count":4,"href":"https:\/\/www.obdravinji.si\/index.php?rest_route=\/wp\/v2\/pages\/3433\/revisions"}],"predecessor-version":[{"id":15372,"href":"https:\/\/www.obdravinji.si\/index.php?rest_route=\/wp\/v2\/pages\/3433\/revisions\/15372"}],"wp:attachment":[{"href":"https:\/\/www.obdravinji.si\/index.php?rest_route=%2Fwp%2Fv2%2Fmedia&parent=3433"}],"curies":[{"name":"wp","href":"https:\/\/api.w.org\/{rel}","templated":true}]}}