{"id":193,"date":"2019-09-04T20:06:57","date_gmt":"2019-09-04T18:06:57","guid":{"rendered":"http:\/\/osobdravinji.splet.arnes.si\/?page_id=193"},"modified":"2024-01-09T09:05:29","modified_gmt":"2024-01-09T08:05:29","slug":"e-redovalnica","status":"publish","type":"page","link":"https:\/\/www.obdravinji.si\/?page_id=193","title":{"rendered":"E-redovalnica"},"content":{"rendered":"<p><span style=\"color: #ff0000\"><strong>Portal Lo.Polis za star\u0161e \u2013 vse informacije na enem mestu<\/strong><\/span><\/p>\n<p><span style=\"color: #000000\"><strong>Dragi star\u0161i!<\/strong><\/span><\/p>\n<p>Pri vodenju evidenc o vzgojno-izobra\u017eevalnem delu na \u0161oli uporabljamo program Lo.Polis. Sestavni del programa je tudi portal za star\u0161e, ki se je v lanskem \u0161olskem letu temeljito posodobil, dodane so nove vsebine, do portala pa dostopate preko spletne strani <a href=\"http:\/\/www.lopolis.si\">lopolis.si<\/a>. Tako imate star\u0161i sedaj vse informacije zbrane na enem mestu.<\/p>\n<p>Geslo za dostop do portala dobite v \u0161oli (ra\u010dunalnikar). <strong>\u010ce ste geslo prejeli \u017ee v preteklih letih, je le-to \u0161e vedno veljavno<\/strong>. Sta\u0161i u\u010dencev 1. razredov boste gesla dobili po mailu ali sms-u. \u010ce ste geslo pozabili, na spletni strani <a href=\"http:\/\/www.lopolis.si\">lopolis.si<\/a> v okencu za prijavo kliknite na mo\u017enost <strong>Ste pozabili geslo?<\/strong><\/p>\n<p><span style=\"color: #ff0000\">\u010ce gesla za portal nimate, kontaktirajte ra\u010dunalnikarja (<a style=\"color: #ff0000\" href=\"mailto:mihael.stampfer@obdravinji.si\">mihael.stampfer@obdravinji.si<\/a>), da vam pripravi up. ime in geslo.<\/span><\/p>\n<ol>\n<li>Vsi star\u0161i, ki imate uporabni\u0161ko ime in geslo, lahko na portalu Lo.Polis koristite <strong>brezpla\u010den dostop<\/strong> do vsebin \u2013 <strong>Lo.Polis START paket.<\/strong><\/li>\n<\/ol>\n<p><span style=\"color: #339966\">Vsebine v brezpla\u010dnem dostopu (START paketu):<\/span><\/p>\n<ul>\n<li><span style=\"color: #339966\">pregled urnika, dogodkov in nadome\u0161\u010danj,<\/span><\/li>\n<li><span style=\"color: #339966\">pregled sporo\u010dil in komunikacija z razrednikom in \u0161olo,<\/span><\/li>\n<li><span style=\"color: #339966\">prijava in odjava prehrane,<\/span><\/li>\n<li><span style=\"color: #339966\">prijava na jutranje varstvo, podalj\u0161ano bivanje, interesne dejavnosti,<\/span><\/li>\n<li><span style=\"color: #339966\">prijava na obvezne in neobvezne izbirne predmete.<\/span><\/li>\n<\/ul>\n<ol start=\"2\">\n<li>Po \u017eelji se lahko star\u0161i na portalu naro\u010dite na <strong>pla\u010dljiv dostop<\/strong> do vsebin \u2013 <strong>Lo.Polis PRO paket.<\/strong> Lo.Polis PRO paket je potrebno naro\u010diti vsako leto na novo. Cena dostopa do PRO paketa je za enega otroka 26 \u20ac oz. 42 \u20ac za dva ali ve\u010d otrok. (V nadaljevanju glejte opis pod vpra\u0161anjem <strong>Kako se naro\u010dim na dostop do PRO paketa?<\/strong>).<\/li>\n<\/ol>\n<p><span style=\"color: #ff0000\">V pla\u010dljivem dostopu (PRO paketu) so vse vsebine iz START paketa in dodatno \u0161e:<\/span><\/p>\n<ul>\n<li><span style=\"color: #ff0000\">spremljanje ocen v redovalnici,<\/span><\/li>\n<li><span style=\"color: #ff0000\">pregled napovedanih ocenjevanj znanja,<\/span><\/li>\n<li><span style=\"color: #ff0000\">dnevno ali tedensko obve\u0161\u010danje o ocenah na mail ali telefon.<\/span><\/li>\n<\/ul>\n<p><span style=\"color: #0000ff\">Podjetje LOGOS.SI je za vas pripravilo nekaj vpra\u0161anj z odgovori, ki bodo razjasnila kakr\u0161nekoli dileme glede portala Lo.Polis in dostopa do PRO paketa.<strong>\u00a0<\/strong><\/span><\/p>\n<p><span style=\"color: #0000ff\"><strong>Kaj potrebujem za dostop do portala?<\/strong><\/span><\/p>\n<p><span style=\"color: #0000ff\">Za dostop do portala potrebujete le uporabni\u0161ko ime in geslo.<\/span><\/p>\n<p><span style=\"color: #0000ff\"><strong>Kje lahko dobim up. ime in geslo?<\/strong><\/span><\/p>\n<p><span style=\"color: #0000ff\">Up. ime in geslo dobite v \u0161oli, ki jo obiskuje va\u0161 otrok.<\/span><\/p>\n<p><span style=\"color: #0000ff\"><strong>Kje se lahko prijavim na portal Lo.Polis?<\/strong><\/span><\/p>\n<p><span style=\"color: #0000ff\">Na portal se prijavite na spletni strani <a style=\"color: #0000ff\" href=\"http:\/\/www.lopolis.si\">lopolis.si<\/a>.<\/span><\/p>\n<p><span style=\"color: #0000ff\"><strong>Zakaj je postal del dostopa do portala pla\u010dljiv (PRO paket z vsebinami redovalnice in dnevnika)?<\/strong><\/span><\/p>\n<p><span style=\"color: #0000ff\">Portal je celovito okolje, kjer star\u0161i lahko vidite podatke o otroku in komunicirate s \u0161olo, pla\u010duje pa se elektronski dostop do \u0161olskih vsebin. Za delovanje portala je potreben razvoj, vzdr\u017eevanje, prostor na stre\u017enikih, zagotavljanje varovanja podatkov, skladnosti z GDPR in drugo, kar zahteva veliko \u010dasa in sredstev, zato smo primorani polni dostop do vsebin zara\u010dunavati.<\/span><\/p>\n<p><span style=\"color: #0000ff\"><strong>Kako se naro\u010dim na dostop do PRO paketa? <\/strong><\/span><\/p>\n<p><span style=\"color: #0000ff\">Dostop do Lo.Polis PRO paketa naro\u010dite elektronsko preko portala Lo.Polis. Najprej se z up. imenom in geslom prijavite na portal. Nato boste na desni strani videli oglas za PRO paket. Kliknite ga, pod PRO paketom pa kliknite Naro\u010di. Obenem se bo na portalu izpisalo obvestilo: \u00bbNaro\u010dili ste se na Lo.Polis PRO paket. Podatke za pla\u010dilo PRO paketa dobite s klikom na to obvestilo.\u00ab Ko kliknete na obvestilo, se pojavijo mo\u017enosti pla\u010dila (predra\u010dun, QR koda, podatki za pla\u010dilo). Rok pla\u010dila za PRO paket je 14 dni. \u010ce dostopa v tem \u010dasu ne pla\u010date, se vam samodejno izklju\u010di.<\/span><\/p>\n<p><span style=\"color: #0000ff\"><strong>Kaj vidim v Lo.Polis PRO paketu?<\/strong><\/span><\/p>\n<p><span style=\"color: #0000ff\">V PRO paketu vidite ocene, napovedana ocenjevanja znanja, izostanke, doma\u010de naloge, pohvale in graje, vzgojne ukrepe, \u0161olski koledar, urnik ter nadome\u0161\u010danja, obenem pa ste obve\u0161\u010deni o izostankih, ocenah in sodelovanju pri pouku na mail ali telefon. Poleg tega so vam na voljo tudi vse vsebine START paketa.<\/span><\/p>\n<p><span style=\"color: #0000ff\"><strong>Ali se moram na dostop do PRO paketa obvezno naro\u010diti?<\/strong><\/span><\/p>\n<p><span style=\"color: #0000ff\">Ne, na dostop do PRO paketa se naro\u010dite po lastni \u017eelji. \u010ce se na dostop do PRO paket ne \u017eelite naro\u010diti, boste imeli na razpolago dostop do START paketa.<\/span><\/p>\n<p><span style=\"color: #0000ff\"><strong>Koliko stane dostop do Lo.Polis PRO paketa?<\/strong><\/span><\/p>\n<p><span style=\"color: #0000ff\">Cena dostopa do PRO paketa je 26 eur\/leto za enega otroka ter 42 eur\/leto za dva ali ve\u010d otrok.<\/span><\/p>\n<p><span style=\"color: #0000ff\"><strong>Ali imam kot star\u0161 dveh ali ve\u010d otrok pri dostopu do paketa kaj popusta?<\/strong><\/span><\/p>\n<p><span style=\"color: #0000ff\">Da, imate. Za dva ali ve\u010d otrok je cena dostopa 42 eur\/leto.<\/span><\/p>\n<p><span style=\"color: #0000ff\"><strong>Koliko stane dostop do Lo.Polis PRO paketa za dva star\u0161a?<\/strong><\/span><\/p>\n<p><span style=\"color: #0000ff\">Dostop do Lo.Polis PRO paketa za dva star\u0161a stane 26 eur za vsakega star\u0161a (torej 2 x 26 eur\/leto).<\/span><\/p>\n<p><span style=\"color: #0000ff\"><strong>Ali je mo\u017eno, da \u0161ola ne omogo\u010da dostopa do PRO paketa?<\/strong><\/span><\/p>\n<p><span style=\"color: #0000ff\">Da, to je mo\u017eno. \u0160ola se sama odlo\u010di, ali boste star\u0161i imeli pla\u010dljivi dostop do vsebin.<\/span><\/p>\n<p><span style=\"color: #0000ff\"><strong>Kaj pa, \u010de se ne \u017eelim naro\u010diti na dostop do PRO paketa, a bi vseeno imel rad vpogled v ocene?<\/strong><\/span><\/p>\n<p><span style=\"color: #0000ff\">\u010ce se ne \u017eelite naro\u010diti na dostop do PRO paketa, vam je na voljo dostop do brezpla\u010dnega dela portala \u2013 Lo.Polis START paket. V ta paket ocene niso vklju\u010dene. Za vpogled v ocene se morate naro\u010diti na dostop do PRO paketa.<\/span><\/p>\n<p><span style=\"color: #0000ff\"><strong>Kaj vidim v Lo.Polis START paketu?<\/strong><\/span><\/p>\n<p><span style=\"color: #0000ff\">V START paketu vidite sporo\u010dila (komunikacija z razrednikom in \u0161olo), urnik, dogodke, nadome\u0161\u010danja ter prijave na izpite. \u010ce \u0161ola omogo\u010da, lahko otroka odjavljate od obrokov ter imate pregled nad prevzetimi in odjavljenimi obroki. Prav tako otroka lahko prijavljate na interesne dejavnosti, jutranje varstvo in podalj\u0161ano bivanje ter na obvezne in neobvezne izbirne predmete.<\/span><\/p>\n<p><span style=\"color: #0000ff\"><strong>Ali se \u0161e vedno lahko naro\u010dim na eRedovalnico?<\/strong><\/span><\/p>\n<p><span style=\"color: #0000ff\">eRedovalnica ne obstaja ve\u010d, namesto nje imate na voljo dostop do Lo.Polis PRO paketa, kjer poleg ocen vidite tudi odsotnosti, doma\u010de naloge, graje, pohvala, vzgojne ukrepe \u2026 Za naro\u010dilo dostopa do PRO paketa ne potrebujete obrazca, na portalu <a style=\"color: #0000ff\" href=\"http:\/\/www.lopolis.si\">lopolis.si<\/a> oddate elektronsko naro\u010dilo (potrebujete pa uporabni\u0161ko ime in geslo za portal, ki ga dobite v \u0161oli).<\/span><\/p>\n<p><span style=\"color: #0000ff\"><strong>Ali se \u0161e vedno lahko naro\u010dim na eSporo\u010dila?<\/strong><\/span><\/p>\n<p><span style=\"color: #0000ff\">eSporo\u010dila ne obstajajo ve\u010d. Na portalu Lo.Polis vam je na voljo dostop do Lo.Polis PRO paketa, v sklopu katerega ste obve\u0161\u010deni o izostankih, ocenah in sodelovanju pri pouku na mail ali telefon. Za naro\u010dilo dostopa do PRO paketa ne potrebujete obrazca, na portalu <a style=\"color: #0000ff\" href=\"http:\/\/www.lopolis.si\">lopolis.si<\/a> oddate elektronsko naro\u010dilo (potrebujete pa uporabni\u0161ko ime in geslo za portal, ki ga dobite v \u0161oli).<\/span><\/p>\n<p><span style=\"color: #0000ff\"><strong>Kje dobim ve\u010d informacij?<\/strong><\/span><\/p>\n<p><span style=\"color: #0000ff\">Ve\u010d informacij o portalu Lo.Polis dobite na spletni strani <a style=\"color: #0000ff\" href=\"http:\/\/www.lopolis.si\">lopolis.si<\/a> , kjer nam lahko pi\u0161ete preko spletnega obrazca \u00bbKontaktirajte nas\u00ab.<\/span><\/p>\n<p><span style=\"color: #000000\">Osnovna \u0161ola Ob Dravinji<\/span> ne nudi tehni\u010dne podpore v povezavi s storitvijo eSporo\u010dila. Prosimo, da se za tehni\u010dna in vsebinska vpra\u0161anja obrnete na tehni\u010dno pomo\u010d LOGOS.SI d.o.o. !<\/p>\n\n\n<p><\/p>\n","protected":false},"excerpt":{"rendered":"<p>Portal Lo.Polis za star\u0161e \u2013 vse informacije na enem mestu Dragi star\u0161i! Pri vodenju evidenc o vzgojno-izobra\u017eevalnem delu na \u0161oli uporabljamo program Lo.Polis. Sestavni del programa je tudi portal za star\u0161e, ki se je v lanskem \u0161olskem letu temeljito posodobil, dodane so nove vsebine, do portala pa dostopate preko spletne strani lopolis.si. Tako imate star\u0161i sedaj vse informacije zbrane na enem mestu. Geslo za dostop do portala dobite v \u0161oli (ra\u010dunalnikar). \u010ce ste geslo prejeli \u017ee v preteklih letih, je le-to \u0161e vedno veljavno. Sta\u0161i u\u010dencev 1. razredov boste gesla dobili po mailu ali sms-u. \u010ce ste geslo pozabili, na [&hellip;]<\/p>\n","protected":false},"author":34631,"featured_media":0,"parent":0,"menu_order":0,"comment_status":"closed","ping_status":"closed","template":"","meta":{"footnotes":""},"class_list":["post-193","page","type-page","status-publish","hentry"],"_links":{"self":[{"href":"https:\/\/www.obdravinji.si\/index.php?rest_route=\/wp\/v2\/pages\/193","targetHints":{"allow":["GET"]}}],"collection":[{"href":"https:\/\/www.obdravinji.si\/index.php?rest_route=\/wp\/v2\/pages"}],"about":[{"href":"https:\/\/www.obdravinji.si\/index.php?rest_route=\/wp\/v2\/types\/page"}],"author":[{"embeddable":true,"href":"https:\/\/www.obdravinji.si\/index.php?rest_route=\/wp\/v2\/users\/34631"}],"replies":[{"embeddable":true,"href":"https:\/\/www.obdravinji.si\/index.php?rest_route=%2Fwp%2Fv2%2Fcomments&post=193"}],"version-history":[{"count":11,"href":"https:\/\/www.obdravinji.si\/index.php?rest_route=\/wp\/v2\/pages\/193\/revisions"}],"predecessor-version":[{"id":10913,"href":"https:\/\/www.obdravinji.si\/index.php?rest_route=\/wp\/v2\/pages\/193\/revisions\/10913"}],"wp:attachment":[{"href":"https:\/\/www.obdravinji.si\/index.php?rest_route=%2Fwp%2Fv2%2Fmedia&parent=193"}],"curies":[{"name":"wp","href":"https:\/\/api.w.org\/{rel}","templated":true}]}}