{"id":177,"date":"2019-09-04T20:06:57","date_gmt":"2019-09-04T18:06:57","guid":{"rendered":"http:\/\/osobdravinji.splet.arnes.si\/?page_id=177"},"modified":"2024-09-01T16:59:36","modified_gmt":"2024-09-01T14:59:36","slug":"prevozi","status":"publish","type":"page","link":"https:\/\/www.obdravinji.si\/?page_id=177","title":{"rendered":"Prevozi"},"content":{"rendered":"\n<p class=\"has-vivid-red-color has-text-color\"><strong>VOZNI RED ZA \u0160OLSKO LETO 2024\/2025<\/strong><\/p>\n\n\n\n<p><\/p>\n\n\n\n<figure class=\"wp-block-image size-large\"><img loading=\"lazy\" decoding=\"async\" width=\"590\" height=\"389\" src=\"https:\/\/www.obdravinji.si\/files\/2020\/08\/df.jpg\" alt=\"\" class=\"wp-image-4719\" srcset=\"https:\/\/www.obdravinji.si\/files\/2020\/08\/df.jpg 590w, https:\/\/www.obdravinji.si\/files\/2020\/08\/df-300x198.jpg 300w, https:\/\/www.obdravinji.si\/files\/2020\/08\/df-365x240.jpg 365w, https:\/\/www.obdravinji.si\/files\/2020\/08\/df-84x56.jpg 84w\" sizes=\"auto, (max-width: 590px) 100vw, 590px\" \/><\/figure>\n\n\n<p><strong>RELACIJA: BRDO \u2013 DOBRNE\u017d (KRI\u017dI\u0160\u010cE) \u2013 VE\u0160ENIK \u2013 O\u0160 OB DRAVINJI <\/strong><\/p>\n<p>\u00a0<\/p>\n<p>Odhod v \u0161olo ob 6:40 uri Brdo \u2013 Dobrne\u017e (kri\u017ei\u0161\u010de) \u2013 Ve\u0161enik \u2013 O\u0160 Ob Dravinji.<\/p>\n<p>Odhod iz \u0161ole ob 13:50 uri O\u0160 Ob Dravinji \u2013 Ve\u0161enik \u2013 Dobrne\u017e (kri\u017ei\u0161\u010de) \u2013 Brdo.<\/p>\n<p>\u00a0<\/p>\n<p><strong>RELACIJA: \u0160KALCE \u2013 \u0160KALCE (KRI\u017d) \u2013 O\u0160 OB DRAVINJI<\/strong><\/p>\n<p>\u00a0<\/p>\n<p>Odhod v \u0161olo ob 6:50 uri \u0160kalce \u2013 \u0160kalce (kri\u017e) \u2013 O\u0160 Ob Dravinji.<\/p>\n<p>Odhod iz \u0161ole ob 13:25 uri O\u0160 Ob Dravinji \u2013 \u0160kalce (kri\u017e) \u2013 \u0160kalce.<\/p>\n<p>Odhod iz \u0161ole ob 14:00 uri O\u0160 Ob Dravinji \u2013 \u0160kalce (kri\u017e) \u2013 \u0160kalce.<\/p>\n<p>\u00a0<\/p>\n<p><strong>RELACIJA: BREG (KLINC) \u2013 BREG (PRE\u017dIGAL) \u2013 NOVA VAS \u2013 NOVA VAS (KRI\u017d) \u2013 SPODNJA PRISTAVA \u2013 O\u0160 POD GORO\u00a0 \u2013 O\u0160 OB DRAVINJI<\/strong><\/p>\n<p>\u00a0<\/p>\n<p>Odhod v \u0161olo ob 7:05 uri Breg (Klinc) \u2013 Breg (Pre\u017eigal) \u2013 Nova vas \u2013 Nova vas (kri\u017e) \u2013 Sp. Pristava \u2013 O\u0160 Pod goro \u2013 O\u0160 Ob Dravinji.<\/p>\n<p>Odhod iz \u0161ole 14:00 uri O\u0160 Ob Dravinji \u2013 \u2026 \u2013 Breg (Klinc) \u2013 Breg (Pre\u017eigal) \u2013 Nova vas \u2013 Nova vas (kri\u017e) \u2013 Sp. Pristava.<\/p>\n<p>\u00a0<\/p>\n<p><strong>RELACIJA: GABROVNIK (KAPELA) \u2013 GABROVNIK (KRI\u017d) \u2013 ZG. BEZINA (DOM KRAJANOV) \u2013 BARBARA (SMER GRA\u010cI\u010c) \u2013 BARBARA \u2013 SP. BEZINA \u2013 O\u0160 OB DRAVINJI <\/strong><\/p>\n<p>\u00a0<\/p>\n<p>Odhod v \u0161olo ob 6:30 uri Gabrovnik (kapela) \u2013 Gabrovnik (kri\u017e) \u2013\u00a0 Zg. Bezina\u00a0 (dom krajanov) \u2013 Barbara (smer Gra\u010di\u010d) \u2013 Barbara \u2013 O\u0160 Ob Dravinji.<\/p>\n<p>Odhod v \u0161olo ob 6:40 uri Bezina \u2013 O\u0160 Ob Dravinji \u2013 O\u0160 Pod goro.<\/p>\n<p>Odhod iz \u0161ole ob 13:25 uri O\u0160 Ob Dravinji &#8211; Gabrovnik (kapela) \u2013 Gabrovnik (kri\u017e) \u2013 Zg. Bezina (dom krajanov) \u2013 Barbara (smer Gra\u010di\u010d) \u2013 Barbara \u2013 Sp. Bezina (v primeru prostih kapacitet).\u00a0 (prednost imajo ni\u017eji razredi)<\/p>\n<p>Odhod iz \u0161ole ob 14:00 uri O\u0160 Ob Dravinji \u2013 Sp. Bezina.<\/p>\n<p>Odhod iz \u0161ole ob 14:10 uri O\u0160 Ob Dravinji \u2013 Gabrovnik (kapela) \u2013 Gabrovnik (kri\u017e) \u2013 Zg. Bezina (dom krajanov) \u2013 Barbara (smer Gra\u010di\u010d) \u2013 Barbara.<\/p>\n<p>\u00a0<\/p>\n<p><strong>RELACIJA: SP. GRU\u0160OVJE\u00a0 1(ZGORAJ) \u2013 SP. GRU\u0160OVJE (SKERBI\u0160) \u2013 SP. GRU\u0160OVJE\u00a0 2 \u2013 SP. GRU\u0160OVJE 3 \u2013 SP. GRU\u0160OVJE 4 \u2013 PEROVEC \u2013 DRA\u017dA VAS (MARGU\u010c) \u2013 TEPANJE \u2013 DOBRNE\u017d \u2013 O\u0160 OB DRAVINJI \u2013 O\u0160 POD GORO.<\/strong><\/p>\n<p>Odhod v \u0161olo ob 6:30 uri Sp. Gru\u0161ovje 1 \u2013 Sp. Gru\u0161ovje, Skrbi\u0161 \u2013 Sp. Gru\u0161ovje 2 \u2013 Sp. Gru\u0161ovje 3 \u2013 Sp. Gru\u0161ovje 4 \u2013 Perovec \u2013 Dra\u017ea vas, Margu\u010d \u2013 Tepanje \u2013 Dobrne\u017e \u2013 O\u0160 Ob Dravinji \u2013 O\u0160 Pod goro.<\/p>\n<p>Odhod iz \u0161ole ob 13.50 \u2013 O\u0160 Ob Dravinji \u2013 Dobrne\u017e \u2013 \u2026<\/p>","protected":false},"excerpt":{"rendered":"<p>VOZNI RED ZA \u0160OLSKO LETO 2024\/2025 RELACIJA: BRDO \u2013 DOBRNE\u017d (KRI\u017dI\u0160\u010cE) \u2013 VE\u0160ENIK \u2013 O\u0160 OB DRAVINJI \u00a0 Odhod v \u0161olo ob 6:40 uri Brdo \u2013 Dobrne\u017e (kri\u017ei\u0161\u010de) \u2013 Ve\u0161enik \u2013 O\u0160 Ob Dravinji. Odhod iz \u0161ole ob 13:50 uri O\u0160 Ob Dravinji \u2013 Ve\u0161enik \u2013 Dobrne\u017e (kri\u017ei\u0161\u010de) \u2013 Brdo. \u00a0 RELACIJA: \u0160KALCE \u2013 \u0160KALCE (KRI\u017d) \u2013 O\u0160 OB DRAVINJI \u00a0 Odhod v \u0161olo ob 6:50 uri \u0160kalce \u2013 \u0160kalce (kri\u017e) \u2013 O\u0160 Ob Dravinji. Odhod iz \u0161ole ob 13:25 uri O\u0160 Ob Dravinji \u2013 \u0160kalce (kri\u017e) \u2013 \u0160kalce. Odhod iz \u0161ole ob 14:00 uri O\u0160 Ob Dravinji \u2013 \u0160kalce [&hellip;]<\/p>\n","protected":false},"author":34631,"featured_media":0,"parent":0,"menu_order":0,"comment_status":"closed","ping_status":"closed","template":"","meta":{"footnotes":""},"class_list":["post-177","page","type-page","status-publish","hentry"],"_links":{"self":[{"href":"https:\/\/www.obdravinji.si\/index.php?rest_route=\/wp\/v2\/pages\/177","targetHints":{"allow":["GET"]}}],"collection":[{"href":"https:\/\/www.obdravinji.si\/index.php?rest_route=\/wp\/v2\/pages"}],"about":[{"href":"https:\/\/www.obdravinji.si\/index.php?rest_route=\/wp\/v2\/types\/page"}],"author":[{"embeddable":true,"href":"https:\/\/www.obdravinji.si\/index.php?rest_route=\/wp\/v2\/users\/34631"}],"replies":[{"embeddable":true,"href":"https:\/\/www.obdravinji.si\/index.php?rest_route=%2Fwp%2Fv2%2Fcomments&post=177"}],"version-history":[{"count":15,"href":"https:\/\/www.obdravinji.si\/index.php?rest_route=\/wp\/v2\/pages\/177\/revisions"}],"predecessor-version":[{"id":11859,"href":"https:\/\/www.obdravinji.si\/index.php?rest_route=\/wp\/v2\/pages\/177\/revisions\/11859"}],"wp:attachment":[{"href":"https:\/\/www.obdravinji.si\/index.php?rest_route=%2Fwp%2Fv2%2Fmedia&parent=177"}],"curies":[{"name":"wp","href":"https:\/\/api.w.org\/{rel}","templated":true}]}}