{"id":169,"date":"2019-09-04T20:06:57","date_gmt":"2019-09-04T18:06:57","guid":{"rendered":"http:\/\/osobdravinji.splet.arnes.si\/?page_id=169"},"modified":"2019-09-05T10:00:52","modified_gmt":"2019-09-05T08:00:52","slug":"katalog-ijz","status":"publish","type":"page","link":"https:\/\/www.obdravinji.si\/?page_id=169","title":{"rendered":"Katalog IJZ"},"content":{"rendered":"<table border=\"1\">\n<tbody>\n<tr>\n<td colspan=\"2\"><strong>1. Osnovni podatki o katalogu<\/strong><\/td>\n<\/tr>\n<tr>\n<td><strong>Naziv zavoda<\/strong><\/td>\n<td>Osnovna \u0161ola\u00a0Ob Dravinji Slovenske Konjice Ulica Du\u0161ana Jereba 1 3210 Slovenske Konjice \u00a0\u00a0\u00a0 tel:\u00a003 757 27 30 \u00a0\u00a0\u00a0 fax:\u00a003 757 27 35<\/td>\n<\/tr>\n<tr>\n<td><strong>Odgovorna uradna oseba<\/strong><\/td>\n<td>\n<p>mag. Nevenka Brdnik, ravnateljica<\/p>\n<p><a href=\"mailto:helena.pacnik@osobdravinji.si\">nevenka.brdnik@osobdravinji.si<\/a><br \/>\ntel: 03 757 27 40<\/td>\n<\/tr>\n<tr>\n<td><strong>Datum prve objave kataloga<\/strong><\/td>\n<td>18. 1. 2010<\/td>\n<\/tr>\n<tr>\n<td><strong>Datum zadnje spremembe<\/strong><\/td>\n<td>20. 1. 2010<\/td>\n<\/tr>\n<tr>\n<td><strong>Katalog je dostopen na spletnem naslovu<\/strong><\/td>\n<td><a href=\"http:\/\/www.osobdravinji.si\/\" target=\"_blank\">http:\/\/www.osobdravinji.si<\/a><\/td>\n<\/tr>\n<tr>\n<td><strong>Pravna podlaga<\/strong><\/td>\n<td><a href=\"http:\/\/www.pisrs.si\/predpis.aspx?p_rD=r06&amp;p_predpis=ZAKO3336\" target=\"_blank\">Zakon o dostopu do informacij javnega zna\u010daja<\/a>\u00a0<a href=\"http:\/\/www.pisrs.si\/predpis.aspx?p_rD=r08&amp;p_predpis=URED3688\" target=\"_blank\">Uredba o posredovanju informacij javnega zna\u010daja<\/a><\/td>\n<\/tr>\n<\/tbody>\n<\/table>\n<table border=\"1\">\n<tbody>\n<tr>\n<td colspan=\"2\"><strong>2. Splo\u0161ni podatki o zavodu in informacijah javnega zna\u010daja s katerimi razpolaga<\/strong><\/td>\n<\/tr>\n<tr>\n<td colspan=\"2\"><strong>2.a Organigram in podatki o organizaciji javnega zavoda<\/strong><\/td>\n<\/tr>\n<tr>\n<td><strong>Delovno podro\u010dje\u00a0javnega\u00a0zavoda<\/strong><\/td>\n<td>osnovno\u0161olsko izobra\u017eevanje<\/td>\n<\/tr>\n<tr>\n<td><strong>Seznam notranjih organizacijskih enot<\/strong><\/td>\n<td>\n<p>Osnovna \u0161ola Ob Dravinji Slovenske Konjice, Ul. Du\u0161ana Jereba 1, 3210 Slov. Konjice<\/p>\n<p>Podru\u017eni\u010dna \u0161ola Tepanje, Tepanje 24, 3210 Slov. Konjice<\/td>\n<\/tr>\n<tr>\n<td><strong>Organigram zavoda<\/strong><\/td>\n<td>slika spodaj<\/td>\n<\/tr>\n<tr>\n<td colspan=\"2\"><strong>2.b Kontaktni podatki osebe (oseb), pristojnih za posredovanje informacij<\/strong><\/td>\n<\/tr>\n<tr>\n<td><strong>Pristojna oseba<\/strong><\/td>\n<td>mag. Nevenka Brdnik, ravnateljica<br \/>\n<a href=\"mailto:helena.pacnik@osobdravinji.si\">nevenka.brdnik@osobdravinji.si<\/a><br \/>\ntel: 03 757 27 40<\/td>\n<\/tr>\n<tr>\n<td colspan=\"2\"><strong>2.c Seznam zakonov, podzakonskih aktov in predpisov Evropskih skupnosti z delovnega podro\u010dja javnega zavoda<\/strong><\/td>\n<\/tr>\n<tr>\n<td><strong>Notranji predpisi<\/strong><\/td>\n<td>Vzgojni na\u010drt, Pravila \u0161olskega reda in\u00a0Hi\u0161ni red v E-tiskovinah<\/td>\n<\/tr>\n<tr>\n<td><strong>Dr\u017eavni predpisi<\/strong><\/td>\n<td>Zakon o zavodih<br \/>\nZakon o organizaciji in financiranju vzgoje in izobra\u017eevanja<br \/>\nZakon o \u0161olski in\u0161pekciji<br \/>\nZakon o delovnih razmerjih<br \/>\nZakon o javnih uslu\u017ebencih<br \/>\nKolektivna pogodba za negospodarske dejavnosti v RS<br \/>\nZakon o sistemu pla\u010d v javnem sektorju<br \/>\nPravilnik o napredovanju zaposlenih v vzgoji in izobra\u017eevanju v nazive<br \/>\nPravilnik o pripravni\u0161tvu in o strokovnem izpitu strokovnih delavcev na podro\u010dju vzgoje in izobra\u017eevanja<br \/>\nKolektivna pogodba za dejavnost vzgoje in izobra\u017eevanja<br \/>\nPravilnik o napredovanju zaposlenih v vrtcih in \u0161olah v pla\u010dilne razrede<br \/>\nPravilnik o upravljanju u\u010dbeni\u0161kih skladov<br \/>\nZakon o javnih naro\u010dilih<br \/>\nPravilnik o pogojih, ki jih morajo izpolnjevati vozila in vozniki vozil, s katerimi se vozijo skupine otrok<br \/>\nZakon o varstvu osebnih podatkov<br \/>\nZakon o dostopu do informacij javnega zna\u010daja<br \/>\nZakon o splo\u0161nem upravnem postopku<br \/>\nZakon o osnovni \u0161oli<br \/>\nPravilnik o preverjanju in ocenjevanju znanja ter napredovanju u\u010dencev v O\u0160<br \/>\nPravilnik o dokumentaciji v O\u0160<br \/>\nPravilnik o \u0161olskem koledarju za O\u0160<br \/>\nPravilnik o publikaciji v O\u0160<br \/>\nPravilnik o pravicah in dol\u017enostih u\u010dencev v osnovni \u0161oli<br \/>\nOstali predpisi<\/td>\n<\/tr>\n<tr>\n<td><strong>Predpisi EU<\/strong><\/td>\n<td><a href=\"http:\/\/europa.eu\/index_sl.htm\" target=\"_blank\">Dostop do zakonodaje Evropske unije<\/a><\/td>\n<\/tr>\n<tr>\n<td colspan=\"2\"><strong>2.d Seznam predlogov predpisov<\/strong><\/td>\n<\/tr>\n<tr>\n<td><strong>Predlogi predpisov<\/strong><\/td>\n<td>V postopku ni nobenih predlogov predpisov.<\/td>\n<\/tr>\n<tr>\n<td colspan=\"2\"><strong>2.e Seje sveta javnega zavoda<\/strong><\/td>\n<\/tr>\n<tr>\n<td><strong>Seje sveta javnega zavoda<\/strong><\/td>\n<td>V pripravi.<\/td>\n<\/tr>\n<tr>\n<td colspan=\"2\"><strong>2.f Seznam strate\u0161kih in programskih dokumentov po vsebinskih sklopih<\/strong><\/td>\n<\/tr>\n<tr>\n<td><strong>Seznam dokumentov<\/strong><\/td>\n<td>Letni delovni na\u010drt Poro\u010dilo o uresni\u010ditvi letnega delovnega na\u010drta<\/td>\n<\/tr>\n<tr>\n<td colspan=\"2\"><strong>2.g Seznam vrst upravnih postopkov<\/strong><\/td>\n<\/tr>\n<tr>\n<td><strong>Vrste upravnih postopkov, ki jih vodi javni zavod<\/strong><\/td>\n<td>Osnovna \u0161ola v upravnem postopku odlo\u010da o vpisu, prestopu, pre\u0161olanju, odlo\u017eitvi \u0161olanja, oprostitvi sodelovanja pri posameznem predmetu, prepovedi obiskovanja osnovne \u0161ole po izpolnitvi osnovno\u0161olske obveznosti, statusu u\u010denca, ki se vzporedno izobra\u017euje, oziroma statusom \u0161portnika in o dodelitvi sredstev u\u010dencem, ki zaradi socialnega polo\u017eaja ne zmorejo v celoti pla\u010dati prispevkov za materialne stro\u0161ke programa (\u0161ola v naravi, prehrana, u\u010dbeniki). Normativna podlaga:\u00a0<a href=\"http:\/\/www.pisrs.si\/predpis.aspx?p_rD=r08&amp;p_predpis=ZAKO448\" target=\"_blank\">60.a \u010dlen Zakona o osnovni \u0161oli<\/a><br \/>\nOsnovna \u0161ola v upravnem postopku odlo\u010da o zahtevi za dostop do informacije javnega zna\u010daja. Normativna podlaga:\u00a0<a href=\"http:\/\/www.pisrs.si\/predpis.aspx?p_rD=r06&amp;p_predpis=ZAKO3336\" target=\"_blank\">21. \u010dlen Zakona o dostopu do informacij javnega zna\u010daja<\/a><\/td>\n<\/tr>\n<tr>\n<td colspan=\"2\"><strong>2.h Objave in razpisna dokumentacija v skladu s predpisi, ki urejajo javne razpise\/naro\u010dila<\/strong><\/td>\n<\/tr>\n<tr>\n<td><strong>Seznam dokumentacije<\/strong><\/td>\n<td><a href=\"http:\/\/www.enarocanje.si\/?podrocje=portal\" target=\"_blank\">Javno naro\u010danje po ZJN2 &#8211; Portal javnih naro\u010dil<\/a>\u00a0Drugi javni razpisi\/naro\u010dila Razpisi delovnih mest Druge objave<\/td>\n<\/tr>\n<tr>\n<td colspan=\"2\"><strong>2.i Seznam evidenc s katerimi organ upravlja<\/strong><\/td>\n<\/tr>\n<tr>\n<td><strong>Seznam evidenc<\/strong><\/td>\n<td><em>Ime evidence:<\/em>\u00a0Zbirka podatkov o u\u010dencih, vpisanih v osnovno \u0161olo, in njihovih star\u0161ih\u00a0<em>Normativna podlaga:<\/em>\u00a0<a href=\"http:\/\/www.pisrs.si\/predpis.aspx?p_rD=r08&amp;p_predpis=ZAKO448\" target=\"_blank\">95. \u010dlen Zakona o osnovni \u0161oli<\/a><em>Opis in pogoji dostopa do evidence:<\/em>\u00a0evidenca ni javno dostopna<br \/>\n<em>Ime evidence:<\/em>\u00a0Zbirka podatkov o napredovanju u\u010dencev, izdanih spri\u010devalih, vzgojnih opominih in drugih listinah\u00a0<em>Normativna podlaga:<\/em><a href=\"http:\/\/www.pisrs.si\/predpis.aspx?p_rD=r08&amp;p_predpis=ZAKO448\" target=\"_blank\">95. \u010dlen Zakona o osnovni \u0161oli<\/a>\u00a0<em>Opis in pogoji dostopa do evidence:<\/em>evidenca ni javno dostopna<br \/>\n<em>Ime evidence:<\/em>\u00a0Zbirka podatkov o gibalnih sposobnostih in morfolo\u0161kih zna\u010dilnostih u\u010dencev\u00a0<em>Normativna podlaga:<\/em>\u00a0<a href=\"http:\/\/www.pisrs.si\/predpis.aspx?p_rD=r08&amp;p_predpis=ZAKO448\" target=\"_blank\">95. \u010dlen Zakona o osnovni \u0161oli<\/a>\u00a0<em>Opis in pogoji dostopa do evidence:<\/em>\u00a0evidenca ni javno dostopna<br \/>\n<em>Ime evidence:<\/em>\u00a0Zbirka podatkov o u\u010dencih, ki potrebujejo pomo\u010d oziroma svetovanje\u00a0<em>Normativna podlaga:<\/em>\u00a0<a href=\"http:\/\/www.pisrs.si\/predpis.aspx?p_rD=r08&amp;p_predpis=ZAKO448\" target=\"_blank\">95. \u010dlen Zakona o osnovni \u0161oli<\/a>\u00a0Opis in pogoji dostopa do evidence: evidenca ni javno dostopna<br \/>\n<em>Ime evidence:<\/em>\u00a0Evidenca o dejanski zasedenosti delovnih mest\u00a0<em>Normativna podlaga:<\/em>\u00a0<a href=\"http:\/\/www.pisrs.si\/predpis.aspx?p_rD=r04&amp;p_predpis=ZAKO4464\" target=\"_blank\">21. \u010dlen Zakona o javnih uslu\u017ebencih<\/a>\u00a0<em>Opis in pogoji dostopa do evidence:<\/em>\u00a0evidenca je dostopna na sede\u017eu javnega zavoda v \u010dasu uradnih ur<br \/>\n<em>Ime evidence:<\/em>\u00a0Evidenca o strukturi javnih uslu\u017ebencev po nazivih\u00a0<em>Normativna podlaga:<\/em>\u00a0<a href=\"http:\/\/www.pisrs.si\/predpis.aspx?p_rD=r04&amp;p_predpis=ZAKO4464\" target=\"_blank\">21. \u010dlen Zakona o javnih uslu\u017ebencih<\/a>\u00a0<em>Opis in pogoji dostopa do evidence:<\/em>\u00a0evidenca je dostopna na sede\u017eu javnega zavoda v \u010dasu uradnih ur<\/td>\n<\/tr>\n<tr>\n<td colspan=\"2\"><strong>2.j Druge informacije javnega zna\u010daja<\/strong><\/td>\n<\/tr>\n<tr>\n<td><strong>Seznam drugih informacij<\/strong><\/td>\n<td><a href=\"http:\/\/www.osobdravinji.si\/\" target=\"_blank\">Novice o delovanju javnega zavoda<\/a><\/td>\n<\/tr>\n<\/tbody>\n<\/table>\n<table border=\"1\">\n<tbody>\n<tr>\n<td colspan=\"2\"><strong>3. Opis na\u010dina dostopa do drugih informacij javnega zna\u010daja<\/strong><\/td>\n<\/tr>\n<tr>\n<td><strong>Opis dostopa<\/strong><\/td>\n<td>Dostop do drugih informacij javnega zna\u010daja je mo\u017een vsak delovnik v \u010dasu uradnih ur.<br \/>\n<em>Neposreden dostop do informacij javnega zna\u010daja<\/em>\u00a0Osebni dostop na sede\u017eu javnega zavoda.<br \/>\n<em>Dostop na podlagi zahteve<\/em>\u00a0Neformalna zahteva: \u00a0\u00a0\u00a0 &#8211; ustna zahteva, \u00a0\u00a0\u00a0 &#8211; preko telefona. Formalna zahteva: \u00a0\u00a0\u00a0 &#8211; zahteva podana ustno na zapisnik, \u00a0\u00a0\u00a0 &#8211; pisna zahteva po po\u0161ti, \u00a0\u00a0\u00a0 &#8211; vlo\u017eitev zahteve po elektronski po\u0161ti.<br \/>\nPrilagojen dostop do informacij javnega zna\u010daja zagotavljamo ljudem s posebnimi potrebami.<\/td>\n<\/tr>\n<\/tbody>\n<\/table>\n<table border=\"1\">\n<tbody>\n<tr>\n<td colspan=\"2\"><strong>4. Stro\u0161kovnik in cenik<\/strong><\/td>\n<\/tr>\n<tr>\n<td><strong>Cena za posredovanje informacij javnega zna\u010daja<\/strong><\/td>\n<td>Vpogled v zahtevano informacijo javnega zna\u010daja je brezpla\u010den. Zara\u010dunamo vam lahko materialne stro\u0161ke, ki nastanejo pri posredovanju informacij javnega zna\u010daja (prepis, fotokopija, elektronski zapis). V primeru, da boste zahtevali informacije za ponovno uporabo in v pridobitne namene, vam bomo za posredovane informacije javnega zna\u010daja zara\u010dunali materialne stro\u0161ke. Informacij javnega zna\u010daja ne zara\u010dunamo, \u010de gre za uporabo informacij javnega zna\u010daja z namenom informiranja, zagotavljanja svobode izra\u017eanja, kulture in umetnosti ter uporabe informacij s strani medijev. \u010ce so informacije javnega zna\u010daja brezpla\u010dno objavljene na spletu, vam cene informacij za namen ponovne uporabe ne bomo zara\u010dunali. V primeru, da boste zahtevali informacije javnega zna\u010daja v ve\u010djem obsegu, lahko od vas zahtevamo vnaprej\u0161nji polog odmerjenega zneska za kritje stro\u0161kov posredovanja zahtevanih informacij.<\/td>\n<\/tr>\n<\/tbody>\n<\/table>\n<p>&nbsp;<\/p>\n<p><img loading=\"lazy\" decoding=\"async\" class=\"alignnone size-full wp-image-437\" src=\"http:\/\/osobdravinji.splet.arnes.si\/files\/2019\/09\/organigram.png\" alt=\"\" width=\"641\" height=\"567\" srcset=\"https:\/\/www.obdravinji.si\/files\/2019\/09\/organigram.png 641w, https:\/\/www.obdravinji.si\/files\/2019\/09\/organigram-300x265.png 300w, https:\/\/www.obdravinji.si\/files\/2019\/09\/organigram-62x55.png 62w, https:\/\/www.obdravinji.si\/files\/2019\/09\/organigram-624x552.png 624w\" sizes=\"auto, (max-width: 641px) 100vw, 641px\" \/><\/p>\n","protected":false},"excerpt":{"rendered":"<p>1. Osnovni podatki o katalogu Naziv zavoda Osnovna \u0161ola\u00a0Ob Dravinji Slovenske Konjice Ulica Du\u0161ana Jereba 1 3210 Slovenske Konjice \u00a0\u00a0\u00a0 tel:\u00a003 757 27 30 \u00a0\u00a0\u00a0 fax:\u00a003 757 27 35 Odgovorna uradna oseba mag. Nevenka Brdnik, ravnateljica nevenka.brdnik@osobdravinji.si tel: 03 757 27 40 Datum prve objave kataloga 18. 1. 2010 Datum zadnje spremembe 20. 1. 2010 Katalog je dostopen na spletnem naslovu http:\/\/www.osobdravinji.si Pravna podlaga Zakon o dostopu do informacij javnega zna\u010daja\u00a0Uredba o posredovanju informacij javnega zna\u010daja 2. Splo\u0161ni podatki o zavodu in informacijah javnega zna\u010daja s katerimi razpolaga 2.a Organigram in podatki o organizaciji javnega zavoda Delovno podro\u010dje\u00a0javnega\u00a0zavoda osnovno\u0161olsko izobra\u017eevanje [&hellip;]<\/p>\n","protected":false},"author":34631,"featured_media":0,"parent":0,"menu_order":0,"comment_status":"closed","ping_status":"closed","template":"","meta":{"footnotes":""},"class_list":["post-169","page","type-page","status-publish","hentry"],"_links":{"self":[{"href":"https:\/\/www.obdravinji.si\/index.php?rest_route=\/wp\/v2\/pages\/169","targetHints":{"allow":["GET"]}}],"collection":[{"href":"https:\/\/www.obdravinji.si\/index.php?rest_route=\/wp\/v2\/pages"}],"about":[{"href":"https:\/\/www.obdravinji.si\/index.php?rest_route=\/wp\/v2\/types\/page"}],"author":[{"embeddable":true,"href":"https:\/\/www.obdravinji.si\/index.php?rest_route=\/wp\/v2\/users\/34631"}],"replies":[{"embeddable":true,"href":"https:\/\/www.obdravinji.si\/index.php?rest_route=%2Fwp%2Fv2%2Fcomments&post=169"}],"version-history":[{"count":3,"href":"https:\/\/www.obdravinji.si\/index.php?rest_route=\/wp\/v2\/pages\/169\/revisions"}],"predecessor-version":[{"id":441,"href":"https:\/\/www.obdravinji.si\/index.php?rest_route=\/wp\/v2\/pages\/169\/revisions\/441"}],"wp:attachment":[{"href":"https:\/\/www.obdravinji.si\/index.php?rest_route=%2Fwp%2Fv2%2Fmedia&parent=169"}],"curies":[{"name":"wp","href":"https:\/\/api.w.org\/{rel}","templated":true}]}}