{"id":12320,"date":"2024-10-06T13:04:21","date_gmt":"2024-10-06T11:04:21","guid":{"rendered":"https:\/\/osobdravinji.splet.arnes.si\/?page_id=12320"},"modified":"2024-10-06T14:10:01","modified_gmt":"2024-10-06T12:10:01","slug":"primoz-suhodolcan","status":"publish","type":"page","link":"https:\/\/www.obdravinji.si\/?page_id=12320","title":{"rendered":"PRIMO\u017d SUHODOL\u010cAN"},"content":{"rendered":"\n<p>V \u010detrtek, 3. oktobra 2024, smo na na\u0161i \u0161oli gostili izredno priljubljenega mladinskega in otro\u0161kega pisatelja, ve\u010dkrat nagrajenega ustvarjalca in scenarista Primo\u017ea Suhodol\u010dana. Namesto pri\u010dakovane predstavitve svojih knjig nas je Suhodol\u010dan presenetil s serijo zgodb, kako si je kar nekajkrat v \u017eivljenju uspel razbiti glavo.<\/p>\n\n\n\n<p>Med temi prigodami so bile zgodbe o kolesarjenju, plavanju in celo obi\u010dajni hoji. U\u010dence je najbolj navdu\u0161ila njegova sposobnost, da je vsako nesre\u010do predstavil z obilico humorja in pozitivno energijo. Ne glede na bole\u010de izku\u0161nje je vsakokrat zaklju\u010dil z nasmehom, kar je pokazalo njegovo izjemno duhovitost in optimizem.<\/p>\n\n\n\n<p>Njegov nenavaden in zabaven nastop je trajal eno \u0161olsko uro, med katero so u\u010denci z navdu\u0161enjem prisluhnili njegovim pripovedim. Ob koncu ure so telovadnico prav vsi zapustili z nasmehom na obrazu in novim spoznanjem, da so tudi najbolj neprijetne izku\u0161nje lahko vir smeha in pozitivne energije.<\/p>\n\n\n\n<p>Suhodol\u010dan nam je s svojim obiskom pokazal, da je \u017eivljenje polno nepri\u010dakovanih dogodiv\u0161\u010din in da je pomembno, kako se na njih odzovemo. Z veseljem ga bomo ponovno gostili in morda naslednji\u010d resni\u010dno sli\u0161ali ve\u010d o njegovih literarnih delih.<\/p>\n\n\n\n<p>\u0160olski novinar Gal Polegek<\/p>\n\n\n\n<figure class=\"wp-block-gallery has-nested-images columns-default is-cropped wp-block-gallery-1 is-layout-flex wp-block-gallery-is-layout-flex\">\n<figure class=\"wp-block-image size-large\"><img loading=\"lazy\" decoding=\"async\" width=\"1024\" height=\"768\" data-id=\"12322\" src=\"https:\/\/www.obdravinji.si\/files\/2024\/10\/IMG_1748-1-1024x768.jpg\" alt=\"\" class=\"wp-image-12322\" srcset=\"https:\/\/www.obdravinji.si\/files\/2024\/10\/IMG_1748-1-1024x768.jpg 1024w, https:\/\/www.obdravinji.si\/files\/2024\/10\/IMG_1748-1-300x225.jpg 300w, https:\/\/www.obdravinji.si\/files\/2024\/10\/IMG_1748-1-768x576.jpg 768w, https:\/\/www.obdravinji.si\/files\/2024\/10\/IMG_1748-1-1536x1152.jpg 1536w, https:\/\/www.obdravinji.si\/files\/2024\/10\/IMG_1748-1-2048x1536.jpg 2048w, https:\/\/www.obdravinji.si\/files\/2024\/10\/IMG_1748-1-947x710.jpg 947w, https:\/\/www.obdravinji.si\/files\/2024\/10\/IMG_1748-1-624x468.jpg 624w\" sizes=\"auto, (max-width: 1024px) 100vw, 1024px\" \/><\/figure>\n\n\n\n<figure class=\"wp-block-image size-large\"><img loading=\"lazy\" decoding=\"async\" width=\"768\" height=\"1024\" data-id=\"12323\" src=\"https:\/\/www.obdravinji.si\/files\/2024\/10\/IMG_1749-1-768x1024.jpg\" alt=\"\" class=\"wp-image-12323\" srcset=\"https:\/\/www.obdravinji.si\/files\/2024\/10\/IMG_1749-1-768x1024.jpg 768w, https:\/\/www.obdravinji.si\/files\/2024\/10\/IMG_1749-1-225x300.jpg 225w, https:\/\/www.obdravinji.si\/files\/2024\/10\/IMG_1749-1-1152x1536.jpg 1152w, https:\/\/www.obdravinji.si\/files\/2024\/10\/IMG_1749-1-1536x2048.jpg 1536w, https:\/\/www.obdravinji.si\/files\/2024\/10\/IMG_1749-1-947x1263.jpg 947w, https:\/\/www.obdravinji.si\/files\/2024\/10\/IMG_1749-1-624x832.jpg 624w, https:\/\/www.obdravinji.si\/files\/2024\/10\/IMG_1749-1-scaled.jpg 1920w\" sizes=\"auto, (max-width: 768px) 100vw, 768px\" \/><\/figure>\n\n\n\n<figure class=\"wp-block-image size-large\"><img loading=\"lazy\" decoding=\"async\" width=\"768\" height=\"1024\" data-id=\"12321\" src=\"https:\/\/www.obdravinji.si\/files\/2024\/10\/IMG_1750-1-768x1024.jpg\" alt=\"\" class=\"wp-image-12321\" srcset=\"https:\/\/www.obdravinji.si\/files\/2024\/10\/IMG_1750-1-768x1024.jpg 768w, https:\/\/www.obdravinji.si\/files\/2024\/10\/IMG_1750-1-225x300.jpg 225w, https:\/\/www.obdravinji.si\/files\/2024\/10\/IMG_1750-1-1152x1536.jpg 1152w, https:\/\/www.obdravinji.si\/files\/2024\/10\/IMG_1750-1-1536x2048.jpg 1536w, https:\/\/www.obdravinji.si\/files\/2024\/10\/IMG_1750-1-947x1263.jpg 947w, https:\/\/www.obdravinji.si\/files\/2024\/10\/IMG_1750-1-624x832.jpg 624w, https:\/\/www.obdravinji.si\/files\/2024\/10\/IMG_1750-1-scaled.jpg 1920w\" sizes=\"auto, (max-width: 768px) 100vw, 768px\" \/><\/figure>\n<\/figure>\n\n\n\n<figure class=\"wp-block-embed is-type-video is-provider-youtube wp-block-embed-youtube wp-embed-aspect-4-3 wp-has-aspect-ratio\"><div class=\"wp-block-embed__wrapper\">\n<iframe loading=\"lazy\" title=\"Primo\u017e Suhodol\u010dan\" width=\"887\" height=\"665\" src=\"https:\/\/www.youtube.com\/embed\/LDUk74Xt1vc?feature=oembed\" frameborder=\"0\" allow=\"accelerometer; autoplay; clipboard-write; encrypted-media; gyroscope; picture-in-picture; web-share\" referrerpolicy=\"strict-origin-when-cross-origin\" allowfullscreen><\/iframe>\n<\/div><\/figure>\n\n\n\n<figure class=\"wp-block-embed is-type-video is-provider-youtube wp-block-embed-youtube wp-embed-aspect-4-3 wp-has-aspect-ratio\"><div class=\"wp-block-embed__wrapper\">\n<iframe loading=\"lazy\" title=\"Primo\u017e Suhodol\u010dan - intervju\" width=\"887\" height=\"665\" src=\"https:\/\/www.youtube.com\/embed\/dm-Ph0dPSS0?feature=oembed\" frameborder=\"0\" allow=\"accelerometer; autoplay; clipboard-write; encrypted-media; gyroscope; picture-in-picture; web-share\" referrerpolicy=\"strict-origin-when-cross-origin\" allowfullscreen><\/iframe>\n<\/div><\/figure>\n","protected":false},"excerpt":{"rendered":"<p>V \u010detrtek, 3. oktobra 2024, smo na na\u0161i \u0161oli gostili izredno priljubljenega mladinskega in otro\u0161kega pisatelja, ve\u010dkrat nagrajenega ustvarjalca in scenarista Primo\u017ea Suhodol\u010dana. Namesto pri\u010dakovane predstavitve svojih knjig nas je Suhodol\u010dan presenetil s serijo zgodb, kako si je kar nekajkrat v \u017eivljenju uspel razbiti glavo. Med temi prigodami so bile zgodbe o kolesarjenju, plavanju in celo obi\u010dajni hoji. U\u010dence je najbolj navdu\u0161ila njegova sposobnost, da je vsako nesre\u010do predstavil z obilico humorja in pozitivno energijo. Ne glede na bole\u010de izku\u0161nje je vsakokrat zaklju\u010dil z nasmehom, kar je pokazalo njegovo izjemno duhovitost in optimizem. Njegov nenavaden in zabaven nastop je trajal [&hellip;]<\/p>\n","protected":false},"author":35617,"featured_media":0,"parent":0,"menu_order":0,"comment_status":"closed","ping_status":"closed","template":"","meta":{"footnotes":""},"class_list":["post-12320","page","type-page","status-publish","hentry"],"_links":{"self":[{"href":"https:\/\/www.obdravinji.si\/index.php?rest_route=\/wp\/v2\/pages\/12320","targetHints":{"allow":["GET"]}}],"collection":[{"href":"https:\/\/www.obdravinji.si\/index.php?rest_route=\/wp\/v2\/pages"}],"about":[{"href":"https:\/\/www.obdravinji.si\/index.php?rest_route=\/wp\/v2\/types\/page"}],"author":[{"embeddable":true,"href":"https:\/\/www.obdravinji.si\/index.php?rest_route=\/wp\/v2\/users\/35617"}],"replies":[{"embeddable":true,"href":"https:\/\/www.obdravinji.si\/index.php?rest_route=%2Fwp%2Fv2%2Fcomments&post=12320"}],"version-history":[{"count":2,"href":"https:\/\/www.obdravinji.si\/index.php?rest_route=\/wp\/v2\/pages\/12320\/revisions"}],"predecessor-version":[{"id":12327,"href":"https:\/\/www.obdravinji.si\/index.php?rest_route=\/wp\/v2\/pages\/12320\/revisions\/12327"}],"wp:attachment":[{"href":"https:\/\/www.obdravinji.si\/index.php?rest_route=%2Fwp%2Fv2%2Fmedia&parent=12320"}],"curies":[{"name":"wp","href":"https:\/\/api.w.org\/{rel}","templated":true}]}}